{"id":14847,"date":"2021-05-31T03:21:42","date_gmt":"2021-05-31T03:21:42","guid":{"rendered":"https:\/\/archivotomasmontero.org\/?page_id=14847"},"modified":"2021-06-01T01:18:18","modified_gmt":"2021-06-01T01:18:18","slug":"impresiones","status":"publish","type":"page","link":"https:\/\/archivotomasmontero.org\/index.php\/servicios\/impresiones\/","title":{"rendered":"Impresiones"},"content":{"rendered":"\n<div class=\"section-heading none section-align-center\" style=\"padding-top:10px;padding-bottom:10px;margin-bottom:60px;\"><h1 class=\"entry-title section-title\" style=\"color:#b8181b\">Impresiones<\/h1><\/div>\n<p>Si alguna persona o instituci\u00f3n est\u00e1 interesada en la impresi\u00f3n de alguna imagen, es factible. Se cotiza con base en las medidas requeridas y la t\u00e9cnica de impresi\u00f3n que se elija.<\/p>\n<p>Cada pieza se acompa\u00f1a de un certificado de autenticidad que indica el n\u00famero de registro ante el INDAUTOR.<\/p>\n<p>Para mayor informaci\u00f3n, favor de escribir a <a href=\"mailto:archivotomasmontero@gmail.com\">archivotomasmontero@gmail.com<\/a><\/p>\n","protected":false},"excerpt":{"rendered":"<p>Si alguna persona o instituci\u00f3n est\u00e1 interesada en la impresi\u00f3n de alguna imagen, es factible. Se cotiza con base en las medidas requeridas y la t\u00e9cnica de impresi\u00f3n que se elija. Cada pieza se acompa\u00f1a de un certificado de autenticidad que indica el n\u00famero de registro ante el INDAUTOR. Para mayor informaci\u00f3n, favor de escribir a archivotomasmontero@gmail.com<\/p>\n","protected":false},"author":1,"featured_media":0,"parent":11281,"menu_order":0,"comment_status":"closed","ping_status":"closed","template":"template-fullpage.php","meta":{"footnotes":""},"class_list":["post-14847","page","type-page","status-publish","hentry"],"yoast_head":"<!-- This site is optimized with the Yoast SEO plugin v27.4 - https:\/\/yoast.com\/product\/yoast-seo-wordpress\/ -->\n<title>Impresiones - Archivo - Montero<\/title>\n<meta name=\"robots\" content=\"index, follow, max-snippet:-1, max-image-preview:large, max-video-preview:-1\" \/>\n<link rel=\"canonical\" href=\"https:\/\/archivotomasmontero.org\/index.php\/servicios\/impresiones\/\" \/>\n<meta property=\"og:locale\" content=\"es_MX\" \/>\n<meta property=\"og:type\" content=\"article\" \/>\n<meta property=\"og:title\" content=\"Impresiones - Archivo - Montero\" \/>\n<meta property=\"og:description\" content=\"Si alguna persona o instituci\u00f3n est\u00e1 interesada en la impresi\u00f3n de alguna imagen, es factible. Se cotiza con base en las medidas requeridas y la t\u00e9cnica de impresi\u00f3n que se elija. Cada pieza se acompa\u00f1a de un certificado de autenticidad que indica el n\u00famero de registro ante el INDAUTOR. Para mayor informaci\u00f3n, favor de escribir a archivotomasmontero@gmail.com\" \/>\n<meta property=\"og:url\" content=\"https:\/\/archivotomasmontero.org\/index.php\/servicios\/impresiones\/\" \/>\n<meta property=\"og:site_name\" content=\"Archivo - Montero\" \/>\n<meta property=\"article:modified_time\" content=\"2021-06-01T01:18:18+00:00\" \/>\n<meta name=\"twitter:card\" content=\"summary_large_image\" \/>\n<script type=\"application\/ld+json\" class=\"yoast-schema-graph\">{\"@context\":\"https:\\\/\\\/schema.org\",\"@graph\":[{\"@type\":\"WebPage\",\"@id\":\"https:\\\/\\\/archivotomasmontero.org\\\/index.php\\\/servicios\\\/impresiones\\\/\",\"url\":\"https:\\\/\\\/archivotomasmontero.org\\\/index.php\\\/servicios\\\/impresiones\\\/\",\"name\":\"Impresiones - Archivo - Montero\",\"isPartOf\":{\"@id\":\"https:\\\/\\\/archivotomasmontero.org\\\/#website\"},\"datePublished\":\"2021-05-31T03:21:42+00:00\",\"dateModified\":\"2021-06-01T01:18:18+00:00\",\"breadcrumb\":{\"@id\":\"https:\\\/\\\/archivotomasmontero.org\\\/index.php\\\/servicios\\\/impresiones\\\/#breadcrumb\"},\"inLanguage\":\"es\",\"potentialAction\":[{\"@type\":\"ReadAction\",\"target\":[\"https:\\\/\\\/archivotomasmontero.org\\\/index.php\\\/servicios\\\/impresiones\\\/\"]}]},{\"@type\":\"BreadcrumbList\",\"@id\":\"https:\\\/\\\/archivotomasmontero.org\\\/index.php\\\/servicios\\\/impresiones\\\/#breadcrumb\",\"itemListElement\":[{\"@type\":\"ListItem\",\"position\":1,\"name\":\"Inicio\",\"item\":\"https:\\\/\\\/archivotomasmontero.org\\\/\"},{\"@type\":\"ListItem\",\"position\":2,\"name\":\"Servicios\",\"item\":\"https:\\\/\\\/archivotomasmontero.org\\\/index.php\\\/servicios\\\/\"},{\"@type\":\"ListItem\",\"position\":3,\"name\":\"Impresiones\"}]},{\"@type\":\"WebSite\",\"@id\":\"https:\\\/\\\/archivotomasmontero.org\\\/#website\",\"url\":\"https:\\\/\\\/archivotomasmontero.org\\\/\",\"name\":\"Archivo - Montero\",\"description\":\"Archivo Tomas Montero Torres\",\"potentialAction\":[{\"@type\":\"SearchAction\",\"target\":{\"@type\":\"EntryPoint\",\"urlTemplate\":\"https:\\\/\\\/archivotomasmontero.org\\\/?s={search_term_string}\"},\"query-input\":{\"@type\":\"PropertyValueSpecification\",\"valueRequired\":true,\"valueName\":\"search_term_string\"}}],\"inLanguage\":\"es\"}]}<\/script>\n<!-- \/ Yoast SEO plugin. -->","yoast_head_json":{"title":"Impresiones - Archivo - Montero","robots":{"index":"index","follow":"follow","max-snippet":"max-snippet:-1","max-image-preview":"max-image-preview:large","max-video-preview":"max-video-preview:-1"},"canonical":"https:\/\/archivotomasmontero.org\/index.php\/servicios\/impresiones\/","og_locale":"es_MX","og_type":"article","og_title":"Impresiones - Archivo - Montero","og_description":"Si alguna persona o instituci\u00f3n est\u00e1 interesada en la impresi\u00f3n de alguna imagen, es factible. Se cotiza con base en las medidas requeridas y la t\u00e9cnica de impresi\u00f3n que se elija. Cada pieza se acompa\u00f1a de un certificado de autenticidad que indica el n\u00famero de registro ante el INDAUTOR. Para mayor informaci\u00f3n, favor de escribir a archivotomasmontero@gmail.com","og_url":"https:\/\/archivotomasmontero.org\/index.php\/servicios\/impresiones\/","og_site_name":"Archivo - Montero","article_modified_time":"2021-06-01T01:18:18+00:00","twitter_card":"summary_large_image","schema":{"@context":"https:\/\/schema.org","@graph":[{"@type":"WebPage","@id":"https:\/\/archivotomasmontero.org\/index.php\/servicios\/impresiones\/","url":"https:\/\/archivotomasmontero.org\/index.php\/servicios\/impresiones\/","name":"Impresiones - Archivo - Montero","isPartOf":{"@id":"https:\/\/archivotomasmontero.org\/#website"},"datePublished":"2021-05-31T03:21:42+00:00","dateModified":"2021-06-01T01:18:18+00:00","breadcrumb":{"@id":"https:\/\/archivotomasmontero.org\/index.php\/servicios\/impresiones\/#breadcrumb"},"inLanguage":"es","potentialAction":[{"@type":"ReadAction","target":["https:\/\/archivotomasmontero.org\/index.php\/servicios\/impresiones\/"]}]},{"@type":"BreadcrumbList","@id":"https:\/\/archivotomasmontero.org\/index.php\/servicios\/impresiones\/#breadcrumb","itemListElement":[{"@type":"ListItem","position":1,"name":"Inicio","item":"https:\/\/archivotomasmontero.org\/"},{"@type":"ListItem","position":2,"name":"Servicios","item":"https:\/\/archivotomasmontero.org\/index.php\/servicios\/"},{"@type":"ListItem","position":3,"name":"Impresiones"}]},{"@type":"WebSite","@id":"https:\/\/archivotomasmontero.org\/#website","url":"https:\/\/archivotomasmontero.org\/","name":"Archivo - Montero","description":"Archivo Tomas Montero Torres","potentialAction":[{"@type":"SearchAction","target":{"@type":"EntryPoint","urlTemplate":"https:\/\/archivotomasmontero.org\/?s={search_term_string}"},"query-input":{"@type":"PropertyValueSpecification","valueRequired":true,"valueName":"search_term_string"}}],"inLanguage":"es"}]}},"_links":{"self":[{"href":"https:\/\/archivotomasmontero.org\/index.php\/wp-json\/wp\/v2\/pages\/14847","targetHints":{"allow":["GET"]}}],"collection":[{"href":"https:\/\/archivotomasmontero.org\/index.php\/wp-json\/wp\/v2\/pages"}],"about":[{"href":"https:\/\/archivotomasmontero.org\/index.php\/wp-json\/wp\/v2\/types\/page"}],"author":[{"embeddable":true,"href":"https:\/\/archivotomasmontero.org\/index.php\/wp-json\/wp\/v2\/users\/1"}],"replies":[{"embeddable":true,"href":"https:\/\/archivotomasmontero.org\/index.php\/wp-json\/wp\/v2\/comments?post=14847"}],"version-history":[{"count":6,"href":"https:\/\/archivotomasmontero.org\/index.php\/wp-json\/wp\/v2\/pages\/14847\/revisions"}],"predecessor-version":[{"id":15046,"href":"https:\/\/archivotomasmontero.org\/index.php\/wp-json\/wp\/v2\/pages\/14847\/revisions\/15046"}],"up":[{"embeddable":true,"href":"https:\/\/archivotomasmontero.org\/index.php\/wp-json\/wp\/v2\/pages\/11281"}],"wp:attachment":[{"href":"https:\/\/archivotomasmontero.org\/index.php\/wp-json\/wp\/v2\/media?parent=14847"}],"curies":[{"name":"wp","href":"https:\/\/api.w.org\/{rel}","templated":true}]}}