{"id":13429,"date":"2021-05-10T11:47:54","date_gmt":"2021-05-10T11:47:54","guid":{"rendered":"https:\/\/archivotomasmontero.org\/?page_id=13429"},"modified":"2021-06-01T01:24:20","modified_gmt":"2021-06-01T01:24:20","slug":"botones","status":"publish","type":"page","link":"https:\/\/archivotomasmontero.org\/index.php\/servicios\/botones\/","title":{"rendered":"Botones"},"content":{"rendered":"\n<div class=\"section-heading none section-align-center\" style=\"padding-top:10px;padding-bottom:10px;margin-bottom:60px;\"><h1 class=\"entry-title section-title\" style=\"color:#b8181b\">Botones<\/h1><\/div>\n<p>Contamos con una selecci\u00f3n de im\u00e1genes en botones. Tambi\u00e9n es posible elaborar una edici\u00f3n especial.<\/p>\n<div class=\"imagebox-item-wrap animation-standby animated fadeIn imagebox-item-wrap-inside\"><div class=\"imagebox-item\"><div class=\"imagebox-item-inner\"><img decoding=\"async\" src=\"https:\/\/archivotomasmontero.org\/wp-content\/uploads\/2021\/05\/11b_.jpg\" alt=\"\" class=\"imagebox-image\"\/><div class=\"imagebox-content-inside imagebox-content-wrap\"><div class=\"imagebox-box\"><div class=\"imagebox-title\">El Dr. Atl al lado del volc\u00e1n Paricut\u00edn<\/div><\/div><\/div><\/div><\/div><\/div>\n<div class=\"imagebox-item-wrap animation-standby animated fadeIn imagebox-item-wrap-inside\"><div class=\"imagebox-item\"><div class=\"imagebox-item-inner\"><img decoding=\"async\" src=\"https:\/\/archivotomasmontero.org\/wp-content\/uploads\/2021\/05\/12b_.jpg\" alt=\"\" class=\"imagebox-image\"\/><div class=\"imagebox-content-inside imagebox-content-wrap\"><div class=\"imagebox-box\"><div class=\"imagebox-title\">Fot\u00f3grafo Tom\u00e1s Montero Torres<\/div><\/div><\/div><\/div><\/div><\/div>\n<div class=\"imagebox-item-wrap animation-standby animated fadeIn imagebox-item-wrap-inside\"><div class=\"imagebox-item\"><div class=\"imagebox-item-inner\"><img decoding=\"async\" src=\"https:\/\/archivotomasmontero.org\/wp-content\/uploads\/2021\/05\/10b_.jpg\" alt=\"\" class=\"imagebox-image\"\/><div class=\"imagebox-content-inside imagebox-content-wrap\"><div class=\"imagebox-box\"><div class=\"imagebox-title\">Ni\u00f1o de un hospicio michoacano<\/div><\/div><\/div><\/div><\/div><\/div>\n<div class=\"imagebox-item-wrap animation-standby animated fadeIn imagebox-item-wrap-inside\"><div class=\"imagebox-item\"><div class=\"imagebox-item-inner\"><img decoding=\"async\" src=\"https:\/\/archivotomasmontero.org\/wp-content\/uploads\/2021\/05\/9b_.jpg\" alt=\"\" class=\"imagebox-image\"\/><div class=\"imagebox-content-inside imagebox-content-wrap\"><div class=\"imagebox-box\"><div class=\"imagebox-title\">Ni\u00f1os pur\u00e9pechas y una rueca de hilo<\/div><\/div><\/div><\/div><\/div><\/div>\n<div class=\"imagebox-item-wrap animation-standby animated fadeIn imagebox-item-wrap-inside\"><div class=\"imagebox-item\"><div class=\"imagebox-item-inner\"><img decoding=\"async\" src=\"https:\/\/archivotomasmontero.org\/wp-content\/uploads\/2021\/05\/8b_.jpg\" alt=\"\" class=\"imagebox-image\"\/><div class=\"imagebox-content-inside imagebox-content-wrap\"><div class=\"imagebox-box\"><div class=\"imagebox-title\">Detenido en el Tribunal de Menores<\/div><\/div><\/div><\/div><\/div><\/div>\n<div class=\"imagebox-item-wrap animation-standby animated fadeIn imagebox-item-wrap-inside\"><div class=\"imagebox-item\"><div class=\"imagebox-item-inner\"><img decoding=\"async\" src=\"https:\/\/archivotomasmontero.org\/wp-content\/uploads\/2021\/05\/7b_.jpg\" alt=\"\" class=\"imagebox-image\"\/><div class=\"imagebox-content-inside imagebox-content-wrap\"><div class=\"imagebox-box\"><div class=\"imagebox-title\">Saliendo con delicadeza de una inundaci\u00f3n<\/div><\/div><\/div><\/div><\/div><\/div>\n<div class=\"imagebox-item-wrap animation-standby animated fadeIn imagebox-item-wrap-inside\"><div class=\"imagebox-item\"><div class=\"imagebox-item-inner\"><img decoding=\"async\" src=\"https:\/\/archivotomasmontero.org\/wp-content\/uploads\/2021\/05\/6b_.jpg\" alt=\"\" class=\"imagebox-image\"\/><div class=\"imagebox-content-inside imagebox-content-wrap\"><div class=\"imagebox-box\"><div class=\"imagebox-title\">Danzante rar\u00e1muri en la Tarahumara<\/div><\/div><\/div><\/div><\/div><\/div>\n<div class=\"imagebox-item-wrap animation-standby animated fadeIn imagebox-item-wrap-inside\"><div class=\"imagebox-item\"><div class=\"imagebox-item-inner\"><img decoding=\"async\" src=\"https:\/\/archivotomasmontero.org\/wp-content\/uploads\/2021\/05\/5b_.jpg\" alt=\"\" class=\"imagebox-image\"\/><div class=\"imagebox-content-inside imagebox-content-wrap\"><div class=\"imagebox-box\"><div class=\"imagebox-title\">Acr\u00f3bata del Circo Atayde<\/div><\/div><\/div><\/div><\/div><\/div>\n<div class=\"imagebox-item-wrap animation-standby animated fadeIn imagebox-item-wrap-inside\"><div class=\"imagebox-item\"><div class=\"imagebox-item-inner\"><img decoding=\"async\" src=\"https:\/\/archivotomasmontero.org\/wp-content\/uploads\/2021\/05\/3b_.jpg\" alt=\"\" class=\"imagebox-image\"\/><div class=\"imagebox-content-inside imagebox-content-wrap\"><div class=\"imagebox-box\"><div class=\"imagebox-title\">Ni\u00f1os del Hospicio de Tacubaya<\/div><\/div><\/div><\/div><\/div><\/div>\n<div class=\"imagebox-item-wrap animation-standby animated fadeIn imagebox-item-wrap-inside\"><div class=\"imagebox-item\"><div class=\"imagebox-item-inner\"><img decoding=\"async\" src=\"https:\/\/archivotomasmontero.org\/wp-content\/uploads\/2021\/05\/4b_.jpg\" alt=\"\" class=\"imagebox-image\"\/><div class=\"imagebox-content-inside imagebox-content-wrap\"><div class=\"imagebox-box\"><div class=\"imagebox-title\">Un pescador en el Lago de P\u00e1tzcuaro<\/div><\/div><\/div><\/div><\/div><\/div>\n<div class=\"imagebox-item-wrap animation-standby animated fadeIn imagebox-item-wrap-inside\"><div class=\"imagebox-item\"><div class=\"imagebox-item-inner\"><img decoding=\"async\" src=\"https:\/\/archivotomasmontero.org\/wp-content\/uploads\/2021\/05\/2b_.jpg\" alt=\"\" class=\"imagebox-image\"\/><div class=\"imagebox-content-inside imagebox-content-wrap\"><div class=\"imagebox-box\"><div class=\"imagebox-title\">Mar\u00eda F\u00e9lix y Jorge Negrete emprenden su luna de miel<\/div><\/div><\/div><\/div><\/div><\/div>\n<div class=\"imagebox-item-wrap animation-standby animated fadeIn imagebox-item-wrap-inside\"><div class=\"imagebox-item\"><div class=\"imagebox-item-inner\"><img decoding=\"async\" src=\"https:\/\/archivotomasmontero.org\/wp-content\/uploads\/2021\/05\/1b_.jpg\" alt=\"\" class=\"imagebox-image\"\/><div class=\"imagebox-content-inside imagebox-content-wrap\"><div class=\"imagebox-box\"><div class=\"imagebox-title\">La bella Dolores del R\u00edo, diva mexicana<\/div><\/div><\/div><\/div><\/div><\/div>\n<div class=\"imagebox-item-wrap animation-standby animated fadeIn imagebox-item-wrap-inside\"><div class=\"imagebox-item\"><div class=\"imagebox-item-inner\"><div class=\"imagebox-content-inside imagebox-content-wrap\"><div class=\"imagebox-box\"><\/div><\/div><\/div><\/div><\/div>\n<div class=\"imagebox-item-wrap animation-standby animated fadeIn imagebox-item-wrap-inside\"><div class=\"imagebox-item\"><div class=\"imagebox-item-inner\"><img decoding=\"async\" src=\"https:\/\/archivotomasmontero.org\/wp-content\/uploads\/2021\/05\/13b_.jpg\" alt=\"\" class=\"imagebox-image\"\/><div class=\"imagebox-content-inside imagebox-content-wrap\"><div class=\"imagebox-box\"><div class=\"imagebox-title\">Ferrocarrileros frente a su locomotora<\/div><\/div><\/div><\/div><\/div><\/div>\n<div class=\"imagebox-item-wrap animation-standby animated fadeIn imagebox-item-wrap-inside\"><div class=\"imagebox-item\"><div class=\"imagebox-item-inner\"><img decoding=\"async\" src=\"https:\/\/archivotomasmontero.org\/wp-content\/uploads\/2021\/05\/14b_.jpg\" alt=\"\" class=\"imagebox-image\"\/><div class=\"imagebox-content-inside imagebox-content-wrap\"><div class=\"imagebox-box\"><div class=\"imagebox-title\">Maquinista en plena acci\u00f3n<\/div><\/div><\/div><\/div><\/div><\/div>\n<div class=\"imagebox-item-wrap animation-standby animated fadeIn imagebox-item-wrap-inside\"><div class=\"imagebox-item\"><div class=\"imagebox-item-inner\"><div class=\"imagebox-content-inside imagebox-content-wrap\"><div class=\"imagebox-box\"><\/div><\/div><\/div><\/div><\/div>\n","protected":false},"excerpt":{"rendered":"<p>Contamos con una selecci\u00f3n de im\u00e1genes en botones. Tambi\u00e9n es posible elaborar una edici\u00f3n especial.<\/p>\n","protected":false},"author":1,"featured_media":0,"parent":11281,"menu_order":0,"comment_status":"closed","ping_status":"closed","template":"template-fullpage.php","meta":{"footnotes":""},"class_list":["post-13429","page","type-page","status-publish","hentry"],"yoast_head":"<!-- This site is optimized with the Yoast SEO plugin v27.4 - https:\/\/yoast.com\/product\/yoast-seo-wordpress\/ -->\n<title>Botones - Archivo - Montero<\/title>\n<meta name=\"robots\" content=\"index, follow, max-snippet:-1, max-image-preview:large, max-video-preview:-1\" \/>\n<link rel=\"canonical\" href=\"https:\/\/archivotomasmontero.org\/index.php\/servicios\/botones\/\" \/>\n<meta property=\"og:locale\" content=\"es_MX\" \/>\n<meta property=\"og:type\" content=\"article\" \/>\n<meta property=\"og:title\" content=\"Botones - Archivo - Montero\" \/>\n<meta property=\"og:description\" content=\"Contamos con una selecci\u00f3n de im\u00e1genes en botones. Tambi\u00e9n es posible elaborar una edici\u00f3n especial.\" \/>\n<meta property=\"og:url\" content=\"https:\/\/archivotomasmontero.org\/index.php\/servicios\/botones\/\" \/>\n<meta property=\"og:site_name\" content=\"Archivo - Montero\" \/>\n<meta property=\"article:modified_time\" content=\"2021-06-01T01:24:20+00:00\" \/>\n<meta name=\"twitter:card\" content=\"summary_large_image\" \/>\n<meta name=\"twitter:label1\" content=\"Tiempo de lectura\" \/>\n\t<meta name=\"twitter:data1\" content=\"3 minutos\" \/>\n<script type=\"application\/ld+json\" class=\"yoast-schema-graph\">{\"@context\":\"https:\\\/\\\/schema.org\",\"@graph\":[{\"@type\":\"WebPage\",\"@id\":\"https:\\\/\\\/archivotomasmontero.org\\\/index.php\\\/servicios\\\/botones\\\/\",\"url\":\"https:\\\/\\\/archivotomasmontero.org\\\/index.php\\\/servicios\\\/botones\\\/\",\"name\":\"Botones - Archivo - Montero\",\"isPartOf\":{\"@id\":\"https:\\\/\\\/archivotomasmontero.org\\\/#website\"},\"datePublished\":\"2021-05-10T11:47:54+00:00\",\"dateModified\":\"2021-06-01T01:24:20+00:00\",\"breadcrumb\":{\"@id\":\"https:\\\/\\\/archivotomasmontero.org\\\/index.php\\\/servicios\\\/botones\\\/#breadcrumb\"},\"inLanguage\":\"es\",\"potentialAction\":[{\"@type\":\"ReadAction\",\"target\":[\"https:\\\/\\\/archivotomasmontero.org\\\/index.php\\\/servicios\\\/botones\\\/\"]}]},{\"@type\":\"BreadcrumbList\",\"@id\":\"https:\\\/\\\/archivotomasmontero.org\\\/index.php\\\/servicios\\\/botones\\\/#breadcrumb\",\"itemListElement\":[{\"@type\":\"ListItem\",\"position\":1,\"name\":\"Inicio\",\"item\":\"https:\\\/\\\/archivotomasmontero.org\\\/\"},{\"@type\":\"ListItem\",\"position\":2,\"name\":\"Servicios\",\"item\":\"https:\\\/\\\/archivotomasmontero.org\\\/index.php\\\/servicios\\\/\"},{\"@type\":\"ListItem\",\"position\":3,\"name\":\"Botones\"}]},{\"@type\":\"WebSite\",\"@id\":\"https:\\\/\\\/archivotomasmontero.org\\\/#website\",\"url\":\"https:\\\/\\\/archivotomasmontero.org\\\/\",\"name\":\"Archivo - Montero\",\"description\":\"Archivo Tomas Montero Torres\",\"potentialAction\":[{\"@type\":\"SearchAction\",\"target\":{\"@type\":\"EntryPoint\",\"urlTemplate\":\"https:\\\/\\\/archivotomasmontero.org\\\/?s={search_term_string}\"},\"query-input\":{\"@type\":\"PropertyValueSpecification\",\"valueRequired\":true,\"valueName\":\"search_term_string\"}}],\"inLanguage\":\"es\"}]}<\/script>\n<!-- \/ Yoast SEO plugin. -->","yoast_head_json":{"title":"Botones - Archivo - Montero","robots":{"index":"index","follow":"follow","max-snippet":"max-snippet:-1","max-image-preview":"max-image-preview:large","max-video-preview":"max-video-preview:-1"},"canonical":"https:\/\/archivotomasmontero.org\/index.php\/servicios\/botones\/","og_locale":"es_MX","og_type":"article","og_title":"Botones - Archivo - Montero","og_description":"Contamos con una selecci\u00f3n de im\u00e1genes en botones. Tambi\u00e9n es posible elaborar una edici\u00f3n especial.","og_url":"https:\/\/archivotomasmontero.org\/index.php\/servicios\/botones\/","og_site_name":"Archivo - Montero","article_modified_time":"2021-06-01T01:24:20+00:00","twitter_card":"summary_large_image","twitter_misc":{"Tiempo de lectura":"3 minutos"},"schema":{"@context":"https:\/\/schema.org","@graph":[{"@type":"WebPage","@id":"https:\/\/archivotomasmontero.org\/index.php\/servicios\/botones\/","url":"https:\/\/archivotomasmontero.org\/index.php\/servicios\/botones\/","name":"Botones - Archivo - Montero","isPartOf":{"@id":"https:\/\/archivotomasmontero.org\/#website"},"datePublished":"2021-05-10T11:47:54+00:00","dateModified":"2021-06-01T01:24:20+00:00","breadcrumb":{"@id":"https:\/\/archivotomasmontero.org\/index.php\/servicios\/botones\/#breadcrumb"},"inLanguage":"es","potentialAction":[{"@type":"ReadAction","target":["https:\/\/archivotomasmontero.org\/index.php\/servicios\/botones\/"]}]},{"@type":"BreadcrumbList","@id":"https:\/\/archivotomasmontero.org\/index.php\/servicios\/botones\/#breadcrumb","itemListElement":[{"@type":"ListItem","position":1,"name":"Inicio","item":"https:\/\/archivotomasmontero.org\/"},{"@type":"ListItem","position":2,"name":"Servicios","item":"https:\/\/archivotomasmontero.org\/index.php\/servicios\/"},{"@type":"ListItem","position":3,"name":"Botones"}]},{"@type":"WebSite","@id":"https:\/\/archivotomasmontero.org\/#website","url":"https:\/\/archivotomasmontero.org\/","name":"Archivo - Montero","description":"Archivo Tomas Montero Torres","potentialAction":[{"@type":"SearchAction","target":{"@type":"EntryPoint","urlTemplate":"https:\/\/archivotomasmontero.org\/?s={search_term_string}"},"query-input":{"@type":"PropertyValueSpecification","valueRequired":true,"valueName":"search_term_string"}}],"inLanguage":"es"}]}},"_links":{"self":[{"href":"https:\/\/archivotomasmontero.org\/index.php\/wp-json\/wp\/v2\/pages\/13429","targetHints":{"allow":["GET"]}}],"collection":[{"href":"https:\/\/archivotomasmontero.org\/index.php\/wp-json\/wp\/v2\/pages"}],"about":[{"href":"https:\/\/archivotomasmontero.org\/index.php\/wp-json\/wp\/v2\/types\/page"}],"author":[{"embeddable":true,"href":"https:\/\/archivotomasmontero.org\/index.php\/wp-json\/wp\/v2\/users\/1"}],"replies":[{"embeddable":true,"href":"https:\/\/archivotomasmontero.org\/index.php\/wp-json\/wp\/v2\/comments?post=13429"}],"version-history":[{"count":8,"href":"https:\/\/archivotomasmontero.org\/index.php\/wp-json\/wp\/v2\/pages\/13429\/revisions"}],"predecessor-version":[{"id":15053,"href":"https:\/\/archivotomasmontero.org\/index.php\/wp-json\/wp\/v2\/pages\/13429\/revisions\/15053"}],"up":[{"embeddable":true,"href":"https:\/\/archivotomasmontero.org\/index.php\/wp-json\/wp\/v2\/pages\/11281"}],"wp:attachment":[{"href":"https:\/\/archivotomasmontero.org\/index.php\/wp-json\/wp\/v2\/media?parent=13429"}],"curies":[{"name":"wp","href":"https:\/\/api.w.org\/{rel}","templated":true}]}}