{"id":11281,"date":"2020-11-30T02:21:13","date_gmt":"2020-11-30T02:21:13","guid":{"rendered":"https:\/\/archivotomasmontero.org\/?page_id=11281"},"modified":"2021-06-01T01:14:15","modified_gmt":"2021-06-01T01:14:15","slug":"servicios","status":"publish","type":"page","link":"https:\/\/archivotomasmontero.org\/index.php\/servicios\/","title":{"rendered":"Servicios"},"content":{"rendered":"\n<div class=\"section-heading none section-align-center\" style=\"padding-top:10px;padding-bottom:10px;margin-bottom:60px;\"><h1 class=\"entry-title section-title\" style=\"color:#b8181b\">Servicios<\/h1><\/div>\n<h2><strong>Permiso de uso de las im\u00e1genes<\/strong><\/h2>\n<p>Desde el comienzo de sus actividades, el Archivo Tom\u00e1s Montero Torres facilita permisos para la utilizaci\u00f3n de las im\u00e1genes en libros de edici\u00f3n especial, libros tem\u00e1ticos, libros de texto, portadas de CD, documentales, revistas, art\u00edculos acad\u00e9micos, tesis, exposiciones y otras opciones.<\/p>\n<p>En todos los casos se pide que se especifique la autor\u00eda de las im\u00e1genes citando el nombre completo del fot\u00f3grafo, o bien, el del archivo.<\/p>\n<p>Dependiendo del uso de las im\u00e1genes y la vigencia del mismo, se establece un costo; en ciertos casos incluso se pueden acordar intercambios. Hasta el momento no se ha negado ninguna solicitud.<\/p>\n<p>Para mayor informaci\u00f3n o iniciar un tr\u00e1mite, favor de escribir a <a href=\"mailto:archivotomasmontero@gmail.com\">archivotomasmontero@gmail.com<\/a><\/p>\n<div class=\"clearfix divider-common default-divider  divider-blank\" style=\"padding-top:20px;\"><\/div>\n<h2><strong>Para ayudar<\/strong><\/h2>\n<p>Al adquirir una de estas piezas, ten la certeza de que est\u00e1s apoyando la continuidad de las labores de rescate y difusi\u00f3n del acervo legado por el fot\u00f3grafo Tom\u00e1s Montero Torres.\u00a0 \u00a1Gracias!<\/p>\n<p>Para mayor informaci\u00f3n escribe a <a href=\"mailto:archivotomasmontero@gmail.com\">archivotomasmontero@gmail.com<\/a><\/p>\n<div class=\"service-column service-item \"><img class=\"service-image\" src=\"https:\/\/archivotomasmontero.org\/wp-content\/uploads\/2021\/05\/bannerTomasMontero-e1620643962796.jpg\" alt=\"info-image\" \/><div class=\"service-content\"><h4>Impresiones<\/h4><div class=\"service-details\"><p> Si alguna persona o instituci\u00f3n est\u00e1 interesada en la impresi\u00f3n de alguna imagen, es factible. Se cotiza con base en las medidas requeridas y la t\u00e9cnica de impresi\u00f3n que se elija. <\/p>\n<\/div><\/div><\/div>\n<div class=\"button-shortcode button-shortcode-69e25fa05c930\" style=\"text-align:right;\"><a href=\"https:\/\/archivotomasmontero.org\/index.php\/impresiones\/\" _self><div style=\"border-color: #dd3333; color: #dd3333;\" data-backgroundafter=\"#dd3333\" data-buttonid=\"69e25fa05c930\"  class=\"mtheme-button button-has-a-color\">Ver m\u00e1s<\/div><\/a><\/div>\n<div class=\"service-column service-item \"><img class=\"service-image\" src=\"https:\/\/archivotomasmontero.org\/wp-content\/uploads\/2021\/05\/pin3.jpg\" alt=\"info-image\" \/><div class=\"service-content\"><h4>Botones<\/h4><div class=\"service-details\"><p> Contamos con una selecci\u00f3n de im\u00e1genes en botones. Tambi\u00e9n es posible elaborar una edici\u00f3n especial. <\/p>\n<\/div><\/div><\/div>\n<div class=\"button-shortcode button-shortcode-69e25fa05c972\" style=\"text-align:right;\"><a href=\"https:\/\/archivotomasmontero.org\/index.php\/botones\/\" _self><div style=\"border-color: #dd3333; color: #dd3333;\" data-backgroundafter=\"#dd3333\" data-buttonid=\"69e25fa05c972\"  class=\"mtheme-button button-has-a-color\">Ver m\u00e1s<\/div><\/a><\/div>\n<div class=\"service-column service-item \"><img class=\"service-image\" src=\"https:\/\/archivotomasmontero.org\/wp-content\/uploads\/2021\/05\/libreta00.jpg\" alt=\"info-image\" \/><div class=\"service-content\"><h4>Libretas<\/h4><div class=\"service-details\"><p> Piezas \u00fanicas elaboradas a mano. \u00a1Puedes elegir la fotograf\u00eda! <\/p>\n<\/div><\/div><\/div>\n<div class=\"button-shortcode button-shortcode-69e25fa05c9a3\" style=\"text-align:right;\"><a href=\"https:\/\/archivotomasmontero.org\/index.php\/libretas\/\" _self><div style=\"border-color: #dd3333; color: #dd3333;\" data-backgroundafter=\"#dd3333\" data-buttonid=\"69e25fa05c9a3\"  class=\"mtheme-button button-has-a-color\">Ver m\u00e1s<\/div><\/a><\/div>\n","protected":false},"excerpt":{"rendered":"<p>Permiso de uso de las im\u00e1genes Desde el comienzo de sus actividades, el Archivo Tom\u00e1s Montero Torres facilita permisos para la utilizaci\u00f3n de las im\u00e1genes en libros de edici\u00f3n especial, libros tem\u00e1ticos, libros de texto, portadas de CD, documentales, revistas, art\u00edculos acad\u00e9micos, tesis, exposiciones y otras opciones. En todos los casos se pide que se especifique la autor\u00eda de las im\u00e1genes citando el nombre completo del fot\u00f3grafo, o bien, el del archivo. Dependiendo del uso de las im\u00e1genes y la [&hellip;]<\/p>\n","protected":false},"author":1,"featured_media":0,"parent":0,"menu_order":0,"comment_status":"closed","ping_status":"closed","template":"template-fullpage.php","meta":[],"acf":[],"yoast_head":"<!-- This site is optimized with the Yoast SEO plugin v19.14 - https:\/\/yoast.com\/wordpress\/plugins\/seo\/ -->\n<title>Servicios - Archivo - Montero<\/title>\n<meta name=\"robots\" content=\"index, follow, max-snippet:-1, max-image-preview:large, max-video-preview:-1\" \/>\n<link rel=\"canonical\" href=\"https:\/\/archivotomasmontero.org\/index.php\/servicios\/\" \/>\n<meta property=\"og:locale\" content=\"es_MX\" \/>\n<meta property=\"og:type\" content=\"article\" \/>\n<meta property=\"og:title\" content=\"Servicios - Archivo - Montero\" \/>\n<meta property=\"og:description\" content=\"Permiso de uso de las im\u00e1genes Desde el comienzo de sus actividades, el Archivo Tom\u00e1s Montero Torres facilita permisos para la utilizaci\u00f3n de las im\u00e1genes en libros de edici\u00f3n especial, libros tem\u00e1ticos, libros de texto, portadas de CD, documentales, revistas, art\u00edculos acad\u00e9micos, tesis, exposiciones y otras opciones. En todos los casos se pide que se especifique la autor\u00eda de las im\u00e1genes citando el nombre completo del fot\u00f3grafo, o bien, el del archivo. Dependiendo del uso de las im\u00e1genes y la [&hellip;]\" \/>\n<meta property=\"og:url\" content=\"https:\/\/archivotomasmontero.org\/index.php\/servicios\/\" \/>\n<meta property=\"og:site_name\" content=\"Archivo - Montero\" \/>\n<meta property=\"article:modified_time\" content=\"2021-06-01T01:14:15+00:00\" \/>\n<meta name=\"twitter:card\" content=\"summary_large_image\" \/>\n<meta name=\"twitter:label1\" content=\"Tiempo de lectura\" \/>\n\t<meta name=\"twitter:data1\" content=\"2 minutos\" \/>\n<script type=\"application\/ld+json\" class=\"yoast-schema-graph\">{\"@context\":\"https:\/\/schema.org\",\"@graph\":[{\"@type\":\"WebPage\",\"@id\":\"https:\/\/archivotomasmontero.org\/index.php\/servicios\/\",\"url\":\"https:\/\/archivotomasmontero.org\/index.php\/servicios\/\",\"name\":\"Servicios - Archivo - Montero\",\"isPartOf\":{\"@id\":\"https:\/\/archivotomasmontero.org\/#website\"},\"datePublished\":\"2020-11-30T02:21:13+00:00\",\"dateModified\":\"2021-06-01T01:14:15+00:00\",\"breadcrumb\":{\"@id\":\"https:\/\/archivotomasmontero.org\/index.php\/servicios\/#breadcrumb\"},\"inLanguage\":\"es-MX\",\"potentialAction\":[{\"@type\":\"ReadAction\",\"target\":[\"https:\/\/archivotomasmontero.org\/index.php\/servicios\/\"]}]},{\"@type\":\"BreadcrumbList\",\"@id\":\"https:\/\/archivotomasmontero.org\/index.php\/servicios\/#breadcrumb\",\"itemListElement\":[{\"@type\":\"ListItem\",\"position\":1,\"name\":\"Inicio\",\"item\":\"https:\/\/archivotomasmontero.org\/\"},{\"@type\":\"ListItem\",\"position\":2,\"name\":\"Servicios\"}]},{\"@type\":\"WebSite\",\"@id\":\"https:\/\/archivotomasmontero.org\/#website\",\"url\":\"https:\/\/archivotomasmontero.org\/\",\"name\":\"Archivo - Montero\",\"description\":\"Archivo Tomas Montero Torres\",\"potentialAction\":[{\"@type\":\"SearchAction\",\"target\":{\"@type\":\"EntryPoint\",\"urlTemplate\":\"https:\/\/archivotomasmontero.org\/?s={search_term_string}\"},\"query-input\":\"required name=search_term_string\"}],\"inLanguage\":\"es-MX\"}]}<\/script>\n<!-- \/ Yoast SEO plugin. -->","yoast_head_json":{"title":"Servicios - Archivo - Montero","robots":{"index":"index","follow":"follow","max-snippet":"max-snippet:-1","max-image-preview":"max-image-preview:large","max-video-preview":"max-video-preview:-1"},"canonical":"https:\/\/archivotomasmontero.org\/index.php\/servicios\/","og_locale":"es_MX","og_type":"article","og_title":"Servicios - Archivo - Montero","og_description":"Permiso de uso de las im\u00e1genes Desde el comienzo de sus actividades, el Archivo Tom\u00e1s Montero Torres facilita permisos para la utilizaci\u00f3n de las im\u00e1genes en libros de edici\u00f3n especial, libros tem\u00e1ticos, libros de texto, portadas de CD, documentales, revistas, art\u00edculos acad\u00e9micos, tesis, exposiciones y otras opciones. En todos los casos se pide que se especifique la autor\u00eda de las im\u00e1genes citando el nombre completo del fot\u00f3grafo, o bien, el del archivo. Dependiendo del uso de las im\u00e1genes y la [&hellip;]","og_url":"https:\/\/archivotomasmontero.org\/index.php\/servicios\/","og_site_name":"Archivo - Montero","article_modified_time":"2021-06-01T01:14:15+00:00","twitter_card":"summary_large_image","twitter_misc":{"Tiempo de lectura":"2 minutos"},"schema":{"@context":"https:\/\/schema.org","@graph":[{"@type":"WebPage","@id":"https:\/\/archivotomasmontero.org\/index.php\/servicios\/","url":"https:\/\/archivotomasmontero.org\/index.php\/servicios\/","name":"Servicios - Archivo - Montero","isPartOf":{"@id":"https:\/\/archivotomasmontero.org\/#website"},"datePublished":"2020-11-30T02:21:13+00:00","dateModified":"2021-06-01T01:14:15+00:00","breadcrumb":{"@id":"https:\/\/archivotomasmontero.org\/index.php\/servicios\/#breadcrumb"},"inLanguage":"es-MX","potentialAction":[{"@type":"ReadAction","target":["https:\/\/archivotomasmontero.org\/index.php\/servicios\/"]}]},{"@type":"BreadcrumbList","@id":"https:\/\/archivotomasmontero.org\/index.php\/servicios\/#breadcrumb","itemListElement":[{"@type":"ListItem","position":1,"name":"Inicio","item":"https:\/\/archivotomasmontero.org\/"},{"@type":"ListItem","position":2,"name":"Servicios"}]},{"@type":"WebSite","@id":"https:\/\/archivotomasmontero.org\/#website","url":"https:\/\/archivotomasmontero.org\/","name":"Archivo - Montero","description":"Archivo Tomas Montero Torres","potentialAction":[{"@type":"SearchAction","target":{"@type":"EntryPoint","urlTemplate":"https:\/\/archivotomasmontero.org\/?s={search_term_string}"},"query-input":"required name=search_term_string"}],"inLanguage":"es-MX"}]}},"_links":{"self":[{"href":"https:\/\/archivotomasmontero.org\/index.php\/wp-json\/wp\/v2\/pages\/11281"}],"collection":[{"href":"https:\/\/archivotomasmontero.org\/index.php\/wp-json\/wp\/v2\/pages"}],"about":[{"href":"https:\/\/archivotomasmontero.org\/index.php\/wp-json\/wp\/v2\/types\/page"}],"author":[{"embeddable":true,"href":"https:\/\/archivotomasmontero.org\/index.php\/wp-json\/wp\/v2\/users\/1"}],"replies":[{"embeddable":true,"href":"https:\/\/archivotomasmontero.org\/index.php\/wp-json\/wp\/v2\/comments?post=11281"}],"version-history":[{"count":13,"href":"https:\/\/archivotomasmontero.org\/index.php\/wp-json\/wp\/v2\/pages\/11281\/revisions"}],"predecessor-version":[{"id":15040,"href":"https:\/\/archivotomasmontero.org\/index.php\/wp-json\/wp\/v2\/pages\/11281\/revisions\/15040"}],"wp:attachment":[{"href":"https:\/\/archivotomasmontero.org\/index.php\/wp-json\/wp\/v2\/media?parent=11281"}],"curies":[{"name":"wp","href":"https:\/\/api.w.org\/{rel}","templated":true}]}}