{"id":11277,"date":"2020-11-30T00:11:42","date_gmt":"2020-11-30T00:11:42","guid":{"rendered":"https:\/\/archivotomasmontero.org\/?page_id=11277"},"modified":"2021-06-01T00:50:22","modified_gmt":"2021-06-01T00:50:22","slug":"tomas-montero-torres","status":"publish","type":"page","link":"https:\/\/archivotomasmontero.org\/index.php\/tomas-montero-torres\/","title":{"rendered":"Tom\u00e1s Montero Torres"},"content":{"rendered":"\n\n<div class=\"photocard-wrap-common photocard-wrap-type-two none clearfix\" style=\"background-image:url(https:\/\/archivotomasmontero.org\/wp-content\/uploads\/2021\/05\/TMT_retrato.jpg);\">\n\n\t<div class=\"photocard-content-wrap photocard-default column-float-left column-half\">\n\t\t<div class=\"photocard-contents-inner text-align-center\" >\n\t\t\t<div class=\"heading-block\">\n\t\t\t\t<h2 class=\"line-standby photocard-title\">\n\t\t\t\tTom\u00e1s Montero Torres\n\t\t\t\t<\/h2>\n\t\t\t\t<h3 class=\"photocard-subtitle\">\n\t\t\t\t\tFot\u00f3grafo\n\t\t\t\t<\/h3>\n\t\t\t<\/div>\n\t\t\t<div class=\"photocard-contents\">\n\t\t\t<p>(Michoac\u00e1n 1913 \u2013 Ciudad de M\u00e9xico 1969)<\/p>\n\n\t\t\t<\/div>\n\t\t<\/div>\n\t<\/div>\n<\/div>\n\n<p><span style=\"color: #333300;\">Sus padres fueron Paulino Montero Pill\u00e9, maestro de m\u00fasica en el Convento de las Rosas, y Mar\u00eda de los \u00c1ngeles Torres. A los 17 a\u00f1os, emigr\u00f3 a la Ciudad de M\u00e9xico para estudiar en la Escuela Central de Artes Pl\u00e1sticas de la Universidad Nacional de M\u00e9xico donde, entre otros, tuvo como maestros a los fot\u00f3grafos Agust\u00edn Jim\u00e9nez y Arturo Gonz\u00e1lez Ruiseco. Fue muy activo en diferentes asociaciones de estudiantes, lo mismo que exponiendo, como la vez que particip\u00f3 con obra pl\u00e1stica en una muestra colectiva de pintores, escultores y fot\u00f3grafos en la Galer\u00eda Permanente de Arte de la Generaci\u00f3n Revolucionaria Unificadora de Artistas (GRUA), en 1937. De esta etapa de su vida, que no lleg\u00f3 a concluir por cuestiones econ\u00f3micas, conserv\u00f3 amistades importantes, como la del pintor Manuel Montiel Blancas, con quien incluso hizo equipo en sus inicios profesionales, pues se anunciaban como \u201cBlancas y Montero, Dibujantes\u201d.<\/span><\/p>\n<p><span style=\"color: #333300;\">El 16 de abril de 1938 obtuvo un trabajo como Dibujante de Cuarta Interino de la Oficina de Gr\u00e1ficas en la Secretar\u00eda de Hacienda y Cr\u00e9dito P\u00fablico, donde cosech\u00f3 ascensos y reconocimientos por los trabajos de \u201cdibujo, impresi\u00f3n y encuadernaci\u00f3n\u201d. Esta labor pronto la empez\u00f3 a compaginar con otras actividades (permaneci\u00f3 ah\u00ed hasta 1943 e incluso perteneci\u00f3 a su equipo de b\u00e9isbol), ya que el 26 de junio de 1939 se inscribi\u00f3 al naciente Partido de Acci\u00f3n Nacional que encabez\u00f3 el intelectual Manuel G\u00f3mez Mor\u00edn, quien previamente fund\u00f3 el Banco Central (hoy Banco de M\u00e9xico) y fue rector de la Universidad Nacional, abogando por la autonom\u00eda de c\u00e1tedra.<\/span><\/p>\n<p><span style=\"color: #333300;\">Tom\u00e1s Montero Torres se integr\u00f3 desde un principio al equipo de trabajo que dar\u00eda lugar a <em>La Naci\u00f3n, <\/em>una revista plural, cr\u00edtica y de sustento pol\u00edtico comandada por el decano del periodismo Carlos Septi\u00e9n Garc\u00eda (con quien mantendr\u00eda una profunda amistad y un v\u00ednculo de <em>compadrazgo)<\/em>, misma que, en aquellos a\u00f1os, llegar\u00eda a tirar hasta veinte mil ejemplares. En la primera etapa Montero realiz\u00f3 el dise\u00f1o del cabezal y era responsable del Departamento de Dibujo, al tiempo de contribuir como fot\u00f3grafo activo; una actividad que ocupar\u00eda cada vez m\u00e1s su atenci\u00f3n, sin descuidar su vocaci\u00f3n por la pintura (acuarelas y \u00f3leos) y la realizaci\u00f3n de trabajos de corte publicitario (dise\u00f1o de tipograf\u00edas y carteles).<\/span><\/p>\n<p><span style=\"color: #333300;\">Con su c\u00e1mara Leica III, a la que a\u00f1os despu\u00e9s agreg\u00f3 otros modelos, como una Rolleifleix de doble objetivo o una Mamiya C330, entre otras, comenz\u00f3 a ejercer el oficio de \u201creportero gr\u00e1fico\u201d de manera independiente, con despachos sucesivamente instalados en Avenida Ju\u00e1rez, Motolinia, Isabel la Cat\u00f3lica y Ayuntamiento, y cubriendo los m\u00e1s diversos temas: manifestaciones de muy diversa \u00edndole, desastres naturales, informes presidenciales, tauromaquia, infraestructura educativa y de salud, actos religiosos, tradiciones de los pueblos originarios, los comienzos de la aviaci\u00f3n civil, as\u00ed como la vida acad\u00e9mica, art\u00edstica y cultural de M\u00e9xico, entre otros.<\/span><\/p>\n<p><span style=\"color: #333300;\">En una serie de entrevistas que el cr\u00edtico e impulsor de la fotograf\u00eda Antonio Rodr\u00edguez hizo a varios fot\u00f3grafos, en 1946, menciona sobre Montero Torres: \u201cHasta ahora hab\u00edamos visto, en el transcurso de estos reportajes, la realidad optimista, heroica, llena de impulsos hacia delante que nos presentara Mayo; la vida contrastada, plena de paradojas que nos ofreciera Zaragoza; veamos ahora, la apariencia negra, ca\u00f3tica y destartalada que expone ante nuestros ojos el fot\u00f3grafo de la oposici\u00f3n: Tom\u00e1s Montero Torres\u201d, para luego cuestionarse: \u201c\u00bfLo hace por esp\u00edritu negativo?\u00bfPor la incapacidad de asir lo bueno, lo constructivo? \u00bfPor mala fe de adversario pol\u00edtico? \u00a1No! Montero Torres, honesto en su ideolog\u00eda, se\u00f1ala los defectos, presenta los errores, expone las deficiencias porque supone que es ese el mejor modo de cumplir con su deber. \u2018Sirvo mejor a M\u00e9xico criticando \u2013dice \u00e9l\u2013 que escondiendo la realidad bajo un manto hip\u00f3crita de adulaci\u00f3n. Los errores, las lacras, las irregularidades, hay que se\u00f1alarlas en donde quiera que se encuentren, para combatirlas y extirparlas\u2019. De este concepto, muy respetable, sobre el modo de servir los intereses de su Patria, naci\u00f3, en lo que\u00a0al periodismo concierne, un nuevo tipo de fotograf\u00eda; fuerte, din\u00e1mica, impresionante, plena de intenci\u00f3n pol\u00edtica y extraordinariamente combativa\u201d.<\/span><\/p>\n\n<div class=\"photocard-wrap-common photocard-wrap-type-two none clearfix\" style=\"background-image:url(https:\/\/archivotomasmontero.org\/wp-content\/uploads\/2021\/05\/Montero-con-amigos-entre-ellos-Manuel-Montiel-Blancas.jpg);\">\n\n\t<div class=\"photocard-content-wrap photocard-bright column-float-right column-half\">\n\t\t<div class=\"photocard-contents-inner text-align-right\" style=\"background-color:rgba(26,24,24,0.95);\">\n\t\t\t<div class=\"heading-block\">\n\t\t\t\t<h2 class=\"line-standby photocard-title\">\n\t\t\t\t\n\t\t\t\t<\/h2>\n\t\t\t\t<h3 class=\"photocard-subtitle\">\n\t\t\t\t\t\n\t\t\t\t<\/h3>\n\t\t\t<\/div>\n\t\t\t<div class=\"photocard-contents\">\n\t\t\t<p>Montero con amigos entre ellos Manuel Montiel Blancas<\/p>\n\n\t\t\t<\/div>\n\t\t<\/div>\n\t<\/div>\n<\/div>\n\n<p><span style=\"color: #333300;\">No ser\u00eda la \u00fanica vez que se le reconocer\u00eda a un tiempo su postura cr\u00edtica a favor del bien de M\u00e9xico y una calidad en su trabajo gr\u00e1fico. En un n\u00famero especial de la revista\u00a0<em>Ma\u00f1ana<\/em> de 1953, por los \u201cdiez a\u00f1os de vida fecunda\u201d de la publicaci\u00f3n, Marcos G. Larrain realiza un extenso reportaje (quince profusas p\u00e1ginas) sobre la \u201cHistoria de la fotograf\u00eda de prensa\u201d en M\u00e9xico, desde sus comienzos hasta abordar a la generaci\u00f3n de ese momento \u2013Agust\u00edn el \u201cChino P\u00e9rez\u201d, Guillermo \u00c1vila de Mendoza \u201cEl Bizco\u201d, Nacho L\u00f3pez, H\u00e9ctor Garc\u00eda, Francisco Olivares Casasola; Javier Olivares Casasola \u201cPinocho\u201d, Ra\u00fal Urbina, Daniel Soto \u201cEl Zapat\u00f3n\u201d\u2026\u2013 y dice de Tom\u00e1s Montero Torres: \u201cSu prestigio como fot\u00f3grafo de prensa le abri\u00f3 camino para vender su trabajo, en forma de reportajes, en casi todos los diarios y revistas de M\u00e9xico\u201d, para m\u00e1s adelante se\u00f1alar: \u201cEl momento m\u00e1s duro de su vida, como fot\u00f3grafo, lo pas\u00f3 durante unas elecciones. Era en ese entonces una violaci\u00f3n a la Ley la presencia de tipos armados cerca de las casillas de votaci\u00f3n. Montero Torres fotografi\u00f3 a los pistoleros, pero para su desgracia uno de ellos se dio cuenta, entonces lo subieron a un carro. Lo llevaron hasta el lugar denominado Barrilaco y ah\u00ed le dieron una brutal paliza. A consecuencia de ella dur\u00f3 cuatro horas inconsciente. La mejor fotograf\u00eda de su vida ser\u00e1 la que pueda hacer antes de morirse\u201d.<\/span><\/p>\n<div class=\"single-image-block none\" style=\"width:; margin:0 auto; margin-top:50px;margin-bottom:50px;padding-top:0;padding-bottom:0;text-align:left;\"><img decoding=\"async\" src=\"https:\/\/archivotomasmontero.org\/wp-content\/uploads\/2021\/05\/BandaFot-43_min.jpg\" alt=\"\"\/><\/div>\n<div class=\"single-image-block none\" style=\"width:; margin:0 auto; margin-top:0px;margin-bottom:0px;padding-top:0;padding-bottom:0;text-align:left;\"><img decoding=\"async\" src=\"https:\/\/archivotomasmontero.org\/wp-content\/uploads\/2021\/05\/Con-el-primer-grupo-de-alumnos-de-fotografia-de-La-Septien.jpg\" alt=\"\"\/><\/div>\n<p><span style=\"color: #333300;\">Y en efecto, sus fotorreportajes tuvieron cabida en diarios como <em>Exc\u00e9lsior, El Universal, Novedades, Reforma Universitaria, Alas<\/em> (de la Agencia Period\u00edstica Latino Americana), <em>Clar\u00edn<\/em>, <em>Atisbos, <\/em>as\u00ed como en las revistas ilustradas de la \u00e9poca<em> Ma\u00f1ana, Lidia de M\u00e9xico, Pegaso<\/em> (\u00f3rgano oficial de Aerov\u00edas Reforma)<em>, Nuevo Mundo, Se\u00f1al, Hoy, Revista de Am\u00e9rica<\/em>, entre otras. Cabe se\u00f1alar que fue uno de los fot\u00f3grafos participantes en la exposici\u00f3n <em>Palpitaciones de la vida nacional. M\u00e9xico visto por los fot\u00f3grafos de prensa\u201d<\/em>, que, en julio de 1947, tuvo lugar en el Palacio de Bellas Artes, gracias a los auspicios de la revista <em>Ma\u00f1ana<\/em>, del propio INBA y de la Asociaci\u00f3n Mexicana de Fot\u00f3grafos de Prensa.<\/span><\/p>\n<p><span style=\"color: #333300;\">A finales de la d\u00e9cada de los a\u00f1os cuarenta, a instancia de varias amistades cercanas, retom\u00f3 con ah\u00ednco la pintura, con tem\u00e1ticas religiosas y de paisajes, y, en 1957, expuso en La Rampla, en La Habana, Cuba, <em>12 Cristos Mexicanos.<\/em> En el cat\u00e1logo correspondiente escribi\u00f3 Jos\u00e9 Vasconcelos: \u201cTom\u00e1s Montero Torres es uno de los mejores fot\u00f3grafos de nuestro pa\u00eds. Sus trabajos est\u00e1n repartidos por todas las mejores revistas mexicanas de nuestro tiempo. Adem\u00e1s, Montero Torres es un artista culto, que se ha preocupado por estudiar la sensibilidad ind\u00edgena. Con un vivo sentido del color y con buena mano para el dibujo, ha pintado los cuadros que el p\u00fablico cubano podr\u00e1 contemplar. Representan momentos profundos de la devoci\u00f3n de nuestro pueblo ind\u00edgena. Se trata de un arte pintoresco y ex\u00f3tico; un trozo de la sensibilidad mexicana, que cuenta con una larga tradici\u00f3n en materia de pintura\u201d.<\/span><\/p>\n<p><span style=\"color: #333300;\">Tom\u00e1s Montero Torres colabor\u00f3 como dibujante en el libro de edici\u00f3n especial que sobre la Catedral de M\u00e9xico edit\u00f3 en 1948 Manuel Toussaint, con fotograf\u00edas de Luis M\u00e1rquez Romay, Alfonso V\u00e1zquez y Guillermo Kahlo; fue de los primeros en introducir en M\u00e9xico la fotograf\u00eda a color y el <em>flexicrom<\/em>, y el primero en impartir clases de Fotograf\u00eda en la Escuela de Periodismo Carlos Septi\u00e9n Garc\u00eda, en 1964, bajo la direcci\u00f3n de Alejandro Avil\u00e9s; hizo una serie de grabados para un libro de cuentos de V\u00edctor Cuesta Porte Petit (hermano del poeta Jorge Cuesta); as\u00ed como catorce dibujos para un libro del compositor Miguel Bernal Jim\u00e9nez; hizo logotipos para varias publicaciones (como <em>Lupita<\/em>, que luego se transform\u00f3 en <em>Kena<\/em>) y l\u00edneas a\u00e9reas (Guest, Pegaso\u2026); y, ocasionalmente, \u00e9l mismo escrib\u00eda los reportajes que acompa\u00f1aban sus im\u00e1genes, como \u201cLa fe en el avi\u00f3n. En los picos de los cerros del norte de Jalisco, un sacerdote tiene en uso 14 pistas a\u00e9reas\u201d, publicado en las p\u00e1ginas centrales de la revista <em>Impacto.<\/em><\/span><\/p>\n<p><span style=\"color: #333300;\">Lamentablemente, por complicaciones de salud falleci\u00f3 a pocos d\u00edas de haber cumplido 56 a\u00f1os. Leg\u00f3 parte de sus reflexiones en un conjunto de 17 p\u00e1ginas que conforman un incipiente <em>Diario de un fot\u00f3grafo de prensa<\/em> y un acervo integrado por poco m\u00e1s de 88 mil negativos de diversos formatos, transparencias, pel\u00edculas de 16mm, documentaci\u00f3n personal y hemerogr\u00e1fica. Gracias a las tareas de rescate, preservaci\u00f3n y difusi\u00f3n, varios de sus retratos se han vuelto ic\u00f3nicos por sus valores est\u00e9ticos e hist\u00f3ricos, entre ellos, los de Gerardo Murillo Dr. Atl en el Paricut\u00edn, Pedro Infante grabando en los estudios Peerless, Francisco Gabilondo Soler junto a los bocetos de <em>Cri Cri,<\/em> Dolores del R\u00edo, un danzante rar\u00e1muri, ni\u00f1os de la beneficencia de Tacubaya\u2026<\/span><\/p>\n<div class=\"single-image-block none\" style=\"width:; margin:0 auto; margin-top:0px;margin-bottom:0px;padding-top:0;padding-bottom:0;text-align:left;\"><img decoding=\"async\" src=\"https:\/\/archivotomasmontero.org\/wp-content\/uploads\/2021\/05\/SHyCP043_min.jpg\" alt=\"\"\/><\/div>\n<div class=\"clearfix divider-common default-divider  divider-blank\" style=\"padding-top:80px;\"><\/div>\n","protected":false},"excerpt":{"rendered":"<p>Sus padres fueron Paulino Montero Pill\u00e9, maestro de m\u00fasica en el Convento de las Rosas, y Mar\u00eda de los \u00c1ngeles Torres. A los 17 a\u00f1os, emigr\u00f3 a la Ciudad de M\u00e9xico para estudiar en la Escuela Central de Artes Pl\u00e1sticas de la Universidad Nacional de M\u00e9xico donde, entre otros, tuvo como maestros a los fot\u00f3grafos Agust\u00edn Jim\u00e9nez y Arturo Gonz\u00e1lez Ruiseco. Fue muy activo en diferentes asociaciones de estudiantes, lo mismo que exponiendo, como la vez que particip\u00f3 con obra [&hellip;]<\/p>\n","protected":false},"author":1,"featured_media":0,"parent":0,"menu_order":0,"comment_status":"closed","ping_status":"closed","template":"template-fullpage.php","meta":{"footnotes":""},"class_list":["post-11277","page","type-page","status-publish","hentry"],"yoast_head":"<!-- This site is optimized with the Yoast SEO plugin v27.4 - https:\/\/yoast.com\/product\/yoast-seo-wordpress\/ -->\n<title>Tom\u00e1s Montero Torres - Archivo - Montero<\/title>\n<meta name=\"robots\" content=\"index, follow, max-snippet:-1, max-image-preview:large, max-video-preview:-1\" \/>\n<link rel=\"canonical\" href=\"https:\/\/archivotomasmontero.org\/index.php\/tomas-montero-torres\/\" \/>\n<meta property=\"og:locale\" content=\"es_MX\" \/>\n<meta property=\"og:type\" content=\"article\" \/>\n<meta property=\"og:title\" content=\"Tom\u00e1s Montero Torres - Archivo - Montero\" \/>\n<meta property=\"og:description\" content=\"Sus padres fueron Paulino Montero Pill\u00e9, maestro de m\u00fasica en el Convento de las Rosas, y Mar\u00eda de los \u00c1ngeles Torres. A los 17 a\u00f1os, emigr\u00f3 a la Ciudad de M\u00e9xico para estudiar en la Escuela Central de Artes Pl\u00e1sticas de la Universidad Nacional de M\u00e9xico donde, entre otros, tuvo como maestros a los fot\u00f3grafos Agust\u00edn Jim\u00e9nez y Arturo Gonz\u00e1lez Ruiseco. Fue muy activo en diferentes asociaciones de estudiantes, lo mismo que exponiendo, como la vez que particip\u00f3 con obra [&hellip;]\" \/>\n<meta property=\"og:url\" content=\"https:\/\/archivotomasmontero.org\/index.php\/tomas-montero-torres\/\" \/>\n<meta property=\"og:site_name\" content=\"Archivo - Montero\" \/>\n<meta property=\"article:modified_time\" content=\"2021-06-01T00:50:22+00:00\" \/>\n<meta name=\"twitter:card\" content=\"summary_large_image\" \/>\n<meta name=\"twitter:label1\" content=\"Tiempo de lectura\" \/>\n\t<meta name=\"twitter:data1\" content=\"9 minutos\" \/>\n<script type=\"application\/ld+json\" class=\"yoast-schema-graph\">{\"@context\":\"https:\\\/\\\/schema.org\",\"@graph\":[{\"@type\":\"WebPage\",\"@id\":\"https:\\\/\\\/archivotomasmontero.org\\\/index.php\\\/tomas-montero-torres\\\/\",\"url\":\"https:\\\/\\\/archivotomasmontero.org\\\/index.php\\\/tomas-montero-torres\\\/\",\"name\":\"Tom\u00e1s Montero Torres - Archivo - Montero\",\"isPartOf\":{\"@id\":\"https:\\\/\\\/archivotomasmontero.org\\\/#website\"},\"datePublished\":\"2020-11-30T00:11:42+00:00\",\"dateModified\":\"2021-06-01T00:50:22+00:00\",\"breadcrumb\":{\"@id\":\"https:\\\/\\\/archivotomasmontero.org\\\/index.php\\\/tomas-montero-torres\\\/#breadcrumb\"},\"inLanguage\":\"es\",\"potentialAction\":[{\"@type\":\"ReadAction\",\"target\":[\"https:\\\/\\\/archivotomasmontero.org\\\/index.php\\\/tomas-montero-torres\\\/\"]}]},{\"@type\":\"BreadcrumbList\",\"@id\":\"https:\\\/\\\/archivotomasmontero.org\\\/index.php\\\/tomas-montero-torres\\\/#breadcrumb\",\"itemListElement\":[{\"@type\":\"ListItem\",\"position\":1,\"name\":\"Inicio\",\"item\":\"https:\\\/\\\/archivotomasmontero.org\\\/\"},{\"@type\":\"ListItem\",\"position\":2,\"name\":\"Tom\u00e1s Montero Torres\"}]},{\"@type\":\"WebSite\",\"@id\":\"https:\\\/\\\/archivotomasmontero.org\\\/#website\",\"url\":\"https:\\\/\\\/archivotomasmontero.org\\\/\",\"name\":\"Archivo - Montero\",\"description\":\"Archivo Tomas Montero Torres\",\"potentialAction\":[{\"@type\":\"SearchAction\",\"target\":{\"@type\":\"EntryPoint\",\"urlTemplate\":\"https:\\\/\\\/archivotomasmontero.org\\\/?s={search_term_string}\"},\"query-input\":{\"@type\":\"PropertyValueSpecification\",\"valueRequired\":true,\"valueName\":\"search_term_string\"}}],\"inLanguage\":\"es\"}]}<\/script>\n<!-- \/ Yoast SEO plugin. -->","yoast_head_json":{"title":"Tom\u00e1s Montero Torres - Archivo - Montero","robots":{"index":"index","follow":"follow","max-snippet":"max-snippet:-1","max-image-preview":"max-image-preview:large","max-video-preview":"max-video-preview:-1"},"canonical":"https:\/\/archivotomasmontero.org\/index.php\/tomas-montero-torres\/","og_locale":"es_MX","og_type":"article","og_title":"Tom\u00e1s Montero Torres - Archivo - Montero","og_description":"Sus padres fueron Paulino Montero Pill\u00e9, maestro de m\u00fasica en el Convento de las Rosas, y Mar\u00eda de los \u00c1ngeles Torres. A los 17 a\u00f1os, emigr\u00f3 a la Ciudad de M\u00e9xico para estudiar en la Escuela Central de Artes Pl\u00e1sticas de la Universidad Nacional de M\u00e9xico donde, entre otros, tuvo como maestros a los fot\u00f3grafos Agust\u00edn Jim\u00e9nez y Arturo Gonz\u00e1lez Ruiseco. Fue muy activo en diferentes asociaciones de estudiantes, lo mismo que exponiendo, como la vez que particip\u00f3 con obra [&hellip;]","og_url":"https:\/\/archivotomasmontero.org\/index.php\/tomas-montero-torres\/","og_site_name":"Archivo - Montero","article_modified_time":"2021-06-01T00:50:22+00:00","twitter_card":"summary_large_image","twitter_misc":{"Tiempo de lectura":"9 minutos"},"schema":{"@context":"https:\/\/schema.org","@graph":[{"@type":"WebPage","@id":"https:\/\/archivotomasmontero.org\/index.php\/tomas-montero-torres\/","url":"https:\/\/archivotomasmontero.org\/index.php\/tomas-montero-torres\/","name":"Tom\u00e1s Montero Torres - Archivo - Montero","isPartOf":{"@id":"https:\/\/archivotomasmontero.org\/#website"},"datePublished":"2020-11-30T00:11:42+00:00","dateModified":"2021-06-01T00:50:22+00:00","breadcrumb":{"@id":"https:\/\/archivotomasmontero.org\/index.php\/tomas-montero-torres\/#breadcrumb"},"inLanguage":"es","potentialAction":[{"@type":"ReadAction","target":["https:\/\/archivotomasmontero.org\/index.php\/tomas-montero-torres\/"]}]},{"@type":"BreadcrumbList","@id":"https:\/\/archivotomasmontero.org\/index.php\/tomas-montero-torres\/#breadcrumb","itemListElement":[{"@type":"ListItem","position":1,"name":"Inicio","item":"https:\/\/archivotomasmontero.org\/"},{"@type":"ListItem","position":2,"name":"Tom\u00e1s Montero Torres"}]},{"@type":"WebSite","@id":"https:\/\/archivotomasmontero.org\/#website","url":"https:\/\/archivotomasmontero.org\/","name":"Archivo - Montero","description":"Archivo Tomas Montero Torres","potentialAction":[{"@type":"SearchAction","target":{"@type":"EntryPoint","urlTemplate":"https:\/\/archivotomasmontero.org\/?s={search_term_string}"},"query-input":{"@type":"PropertyValueSpecification","valueRequired":true,"valueName":"search_term_string"}}],"inLanguage":"es"}]}},"_links":{"self":[{"href":"https:\/\/archivotomasmontero.org\/index.php\/wp-json\/wp\/v2\/pages\/11277","targetHints":{"allow":["GET"]}}],"collection":[{"href":"https:\/\/archivotomasmontero.org\/index.php\/wp-json\/wp\/v2\/pages"}],"about":[{"href":"https:\/\/archivotomasmontero.org\/index.php\/wp-json\/wp\/v2\/types\/page"}],"author":[{"embeddable":true,"href":"https:\/\/archivotomasmontero.org\/index.php\/wp-json\/wp\/v2\/users\/1"}],"replies":[{"embeddable":true,"href":"https:\/\/archivotomasmontero.org\/index.php\/wp-json\/wp\/v2\/comments?post=11277"}],"version-history":[{"count":110,"href":"https:\/\/archivotomasmontero.org\/index.php\/wp-json\/wp\/v2\/pages\/11277\/revisions"}],"predecessor-version":[{"id":15029,"href":"https:\/\/archivotomasmontero.org\/index.php\/wp-json\/wp\/v2\/pages\/11277\/revisions\/15029"}],"wp:attachment":[{"href":"https:\/\/archivotomasmontero.org\/index.php\/wp-json\/wp\/v2\/media?parent=11277"}],"curies":[{"name":"wp","href":"https:\/\/api.w.org\/{rel}","templated":true}]}}