{"id":11274,"date":"2020-11-28T08:47:31","date_gmt":"2020-11-28T08:47:31","guid":{"rendered":"https:\/\/archivotomasmontero.org\/?page_id=11274"},"modified":"2026-04-20T05:04:40","modified_gmt":"2026-04-20T05:04:40","slug":"stockphoto","status":"publish","type":"page","link":"https:\/\/archivotomasmontero.org\/index.php\/stockphoto\/","title":{"rendered":"Baco de Im\u00e1genes"},"content":{"rendered":"\n<div class=\"section-heading none section-align-center\" style=\"padding-top:10px;padding-bottom:10px;margin-bottom:60px;\"><h1 class=\"entry-title section-title\" style=\"color:#dd3333\">Acervo<\/h1><\/div>\n<h2>Tem\u00e1ticas de nuestro acervo<\/h2>\n<p>Si bien en la secci\u00f3n \u201cHistorias\u201d puedes ver algunas de las fotograf\u00edas cuyos negativos hemos limpiado y digitalizado, hay muchas otras que ya est\u00e1n listas o en espera de estarlo y es muy probable que puedan ser de tu inter\u00e9s. Conoce las tem\u00e1ticas que cubren; siempre puedes contactarnos para saber m\u00e1s al respecto.<\/p>\n<ul>\n<li><strong>Accidentes<\/strong><\/li>\n<li><strong>Alimentos<\/strong><\/li>\n<li><strong>Anatom\u00eda<\/strong><\/li>\n<li><strong>Animales<\/strong><\/li>\n<li><strong>Aparatos de televisi\u00f3n o tel\u00e9fonos<\/strong><\/li>\n<li><strong>Aviaci\u00f3n Civil<\/strong><\/li>\n<li><strong>Bellas Artes<\/strong><\/li>\n<li><strong>Campo<\/strong><\/li>\n<li><strong>Ciudad de M\u00e9xico<\/strong><\/li>\n<li><strong>Club Espa\u00f1a<\/strong><\/li>\n<li><strong>Comunicaciones<\/strong><\/li>\n<li><strong>Congresos<\/strong><\/li>\n<li><strong>Cultura Popular<\/strong><\/li>\n<li><strong>Danza<\/strong><\/li>\n<li><strong>Deportes<\/strong><\/li>\n<\/ul>\n<ul>\n<li><strong>Desfiles<\/strong><\/li>\n<li><strong>D\u00edas festivos<\/strong><\/li>\n<li><strong>Dinero<\/strong><\/li>\n<li><strong>Electricistas<\/strong><\/li>\n<li><strong>Escuelas<\/strong><\/li>\n<li><strong>Espect\u00e1culos<\/strong><\/li>\n<li><strong>Estados de la Rep\u00fablica Mexicana<\/strong><\/li>\n<li><strong>Eventos<\/strong><\/li>\n<li><strong>Extranjeros importantes<\/strong><\/li>\n<li><strong>Familiares<\/strong><\/li>\n<li><strong>Ferrocarriles<\/strong><\/li>\n<li><strong>Flores y plantas<\/strong><\/li>\n<li><strong>Imprenta<\/strong><\/li>\n<li><strong>Incendios<\/strong><\/li>\n<li><strong>Industria<\/strong><\/li>\n<\/ul>\n<ul>\n<li><strong>Moda<\/strong><\/li>\n<li><strong>Muebles<\/strong><\/li>\n<li><strong>Mujer<\/strong><\/li>\n<li><strong>Museos<\/strong><\/li>\n<li><strong>Ni\u00f1os<\/strong><\/li>\n<li><strong>Obras pict\u00f3ricas de Tom\u00e1s Montero Torres<\/strong><\/li>\n<li><strong>Oficios<\/strong><\/li>\n<li><strong>Otros pa\u00edses<\/strong><\/li>\n<li><strong>Paisajes de M\u00e9xico<\/strong><\/li>\n<li><strong>Periodistas y fot\u00f3grafos<\/strong><\/li>\n<li><strong>Peritajes<\/strong><\/li>\n<li><strong>Personajes<\/strong><\/li>\n<li><strong>Petr\u00f3leo<\/strong><\/li>\n<li><strong>Pinacoteca<\/strong><\/li>\n<\/ul>\n<ul>\n<li><strong>Pobreza<\/strong><\/li>\n<li><strong>Pol\u00edtica<\/strong><\/li>\n<li><strong>Publicidad<\/strong><\/li>\n<li><strong>Radio<\/strong><\/li>\n<li><strong>Religiosos<\/strong><\/li>\n<li><strong>Reportajes de diversa \u00edndole<\/strong><\/li>\n<li><strong>Reproducciones<\/strong><\/li>\n<li><strong>Revistas<\/strong><\/li>\n<li><strong>Salud<\/strong><\/li>\n<li><strong>Sociales<\/strong><\/li>\n<li><strong>Tauromaquia<\/strong><\/li>\n<li><strong>Universidad Nacional Aut\u00f3noma de M\u00e9xico (UNAM)<\/strong><\/li>\n<li style=\"text-align: left;\"><strong>Vendedores ambulantes<\/strong><\/li>\n<\/ul>\n","protected":false},"excerpt":{"rendered":"<p>Tem\u00e1ticas de nuestro acervo Si bien en la secci\u00f3n \u201cHistorias\u201d puedes ver algunas de las fotograf\u00edas cuyos negativos hemos limpiado y digitalizado, hay muchas otras que ya est\u00e1n listas o en espera de estarlo y es muy probable que puedan ser de tu inter\u00e9s. Conoce las tem\u00e1ticas que cubren; siempre puedes contactarnos para saber m\u00e1s al respecto. Accidentes Alimentos Anatom\u00eda Animales Aparatos de televisi\u00f3n o tel\u00e9fonos Aviaci\u00f3n Civil Bellas Artes Campo Ciudad de M\u00e9xico Club Espa\u00f1a Comunicaciones Congresos Cultura Popular [&hellip;]<\/p>\n","protected":false},"author":1,"featured_media":12398,"parent":0,"menu_order":0,"comment_status":"closed","ping_status":"closed","template":"","meta":{"footnotes":""},"class_list":["post-11274","page","type-page","status-publish","has-post-thumbnail","hentry"],"yoast_head":"<!-- This site is optimized with the Yoast SEO plugin v27.4 - https:\/\/yoast.com\/product\/yoast-seo-wordpress\/ -->\n<title>Baco de Im\u00e1genes - Archivo - Montero<\/title>\n<meta name=\"robots\" content=\"index, follow, max-snippet:-1, max-image-preview:large, max-video-preview:-1\" \/>\n<link rel=\"canonical\" href=\"https:\/\/archivotomasmontero.org\/index.php\/stockphoto\/\" \/>\n<meta property=\"og:locale\" content=\"es_MX\" \/>\n<meta property=\"og:type\" content=\"article\" \/>\n<meta property=\"og:title\" content=\"Baco de Im\u00e1genes - Archivo - Montero\" \/>\n<meta property=\"og:description\" content=\"Tem\u00e1ticas de nuestro acervo Si bien en la secci\u00f3n \u201cHistorias\u201d puedes ver algunas de las fotograf\u00edas cuyos negativos hemos limpiado y digitalizado, hay muchas otras que ya est\u00e1n listas o en espera de estarlo y es muy probable que puedan ser de tu inter\u00e9s. Conoce las tem\u00e1ticas que cubren; siempre puedes contactarnos para saber m\u00e1s al respecto. Accidentes Alimentos Anatom\u00eda Animales Aparatos de televisi\u00f3n o tel\u00e9fonos Aviaci\u00f3n Civil Bellas Artes Campo Ciudad de M\u00e9xico Club Espa\u00f1a Comunicaciones Congresos Cultura Popular [&hellip;]\" \/>\n<meta property=\"og:url\" content=\"https:\/\/archivotomasmontero.org\/index.php\/stockphoto\/\" \/>\n<meta property=\"og:site_name\" content=\"Archivo - Montero\" \/>\n<meta property=\"article:modified_time\" content=\"2026-04-20T05:04:40+00:00\" \/>\n<meta property=\"og:image\" content=\"https:\/\/archivotomasmontero.org\/wp-content\/uploads\/2021\/03\/1-701x1024.png\" \/>\n\t<meta property=\"og:image:width\" content=\"701\" \/>\n\t<meta property=\"og:image:height\" content=\"1024\" \/>\n\t<meta property=\"og:image:type\" content=\"image\/png\" \/>\n<meta name=\"twitter:card\" content=\"summary_large_image\" \/>\n<meta name=\"twitter:label1\" content=\"Tiempo de lectura\" \/>\n\t<meta name=\"twitter:data1\" content=\"1 minuto\" \/>\n<script type=\"application\/ld+json\" class=\"yoast-schema-graph\">{\"@context\":\"https:\\\/\\\/schema.org\",\"@graph\":[{\"@type\":\"WebPage\",\"@id\":\"https:\\\/\\\/archivotomasmontero.org\\\/index.php\\\/stockphoto\\\/\",\"url\":\"https:\\\/\\\/archivotomasmontero.org\\\/index.php\\\/stockphoto\\\/\",\"name\":\"Baco de Im\u00e1genes - Archivo - Montero\",\"isPartOf\":{\"@id\":\"https:\\\/\\\/archivotomasmontero.org\\\/#website\"},\"primaryImageOfPage\":{\"@id\":\"https:\\\/\\\/archivotomasmontero.org\\\/index.php\\\/stockphoto\\\/#primaryimage\"},\"image\":{\"@id\":\"https:\\\/\\\/archivotomasmontero.org\\\/index.php\\\/stockphoto\\\/#primaryimage\"},\"thumbnailUrl\":\"https:\\\/\\\/archivotomasmontero.org\\\/wp-content\\\/uploads\\\/2021\\\/03\\\/1.png\",\"datePublished\":\"2020-11-28T08:47:31+00:00\",\"dateModified\":\"2026-04-20T05:04:40+00:00\",\"breadcrumb\":{\"@id\":\"https:\\\/\\\/archivotomasmontero.org\\\/index.php\\\/stockphoto\\\/#breadcrumb\"},\"inLanguage\":\"es\",\"potentialAction\":[{\"@type\":\"ReadAction\",\"target\":[\"https:\\\/\\\/archivotomasmontero.org\\\/index.php\\\/stockphoto\\\/\"]}]},{\"@type\":\"ImageObject\",\"inLanguage\":\"es\",\"@id\":\"https:\\\/\\\/archivotomasmontero.org\\\/index.php\\\/stockphoto\\\/#primaryimage\",\"url\":\"https:\\\/\\\/archivotomasmontero.org\\\/wp-content\\\/uploads\\\/2021\\\/03\\\/1.png\",\"contentUrl\":\"https:\\\/\\\/archivotomasmontero.org\\\/wp-content\\\/uploads\\\/2021\\\/03\\\/1.png\",\"width\":2631,\"height\":3841,\"caption\":\"Martha Orozco\"},{\"@type\":\"BreadcrumbList\",\"@id\":\"https:\\\/\\\/archivotomasmontero.org\\\/index.php\\\/stockphoto\\\/#breadcrumb\",\"itemListElement\":[{\"@type\":\"ListItem\",\"position\":1,\"name\":\"Inicio\",\"item\":\"https:\\\/\\\/archivotomasmontero.org\\\/\"},{\"@type\":\"ListItem\",\"position\":2,\"name\":\"Baco de Im\u00e1genes\"}]},{\"@type\":\"WebSite\",\"@id\":\"https:\\\/\\\/archivotomasmontero.org\\\/#website\",\"url\":\"https:\\\/\\\/archivotomasmontero.org\\\/\",\"name\":\"Archivo - Montero\",\"description\":\"Archivo Tomas Montero Torres\",\"potentialAction\":[{\"@type\":\"SearchAction\",\"target\":{\"@type\":\"EntryPoint\",\"urlTemplate\":\"https:\\\/\\\/archivotomasmontero.org\\\/?s={search_term_string}\"},\"query-input\":{\"@type\":\"PropertyValueSpecification\",\"valueRequired\":true,\"valueName\":\"search_term_string\"}}],\"inLanguage\":\"es\"}]}<\/script>\n<!-- \/ Yoast SEO plugin. -->","yoast_head_json":{"title":"Baco de Im\u00e1genes - Archivo - Montero","robots":{"index":"index","follow":"follow","max-snippet":"max-snippet:-1","max-image-preview":"max-image-preview:large","max-video-preview":"max-video-preview:-1"},"canonical":"https:\/\/archivotomasmontero.org\/index.php\/stockphoto\/","og_locale":"es_MX","og_type":"article","og_title":"Baco de Im\u00e1genes - Archivo - Montero","og_description":"Tem\u00e1ticas de nuestro acervo Si bien en la secci\u00f3n \u201cHistorias\u201d puedes ver algunas de las fotograf\u00edas cuyos negativos hemos limpiado y digitalizado, hay muchas otras que ya est\u00e1n listas o en espera de estarlo y es muy probable que puedan ser de tu inter\u00e9s. Conoce las tem\u00e1ticas que cubren; siempre puedes contactarnos para saber m\u00e1s al respecto. Accidentes Alimentos Anatom\u00eda Animales Aparatos de televisi\u00f3n o tel\u00e9fonos Aviaci\u00f3n Civil Bellas Artes Campo Ciudad de M\u00e9xico Club Espa\u00f1a Comunicaciones Congresos Cultura Popular [&hellip;]","og_url":"https:\/\/archivotomasmontero.org\/index.php\/stockphoto\/","og_site_name":"Archivo - Montero","article_modified_time":"2026-04-20T05:04:40+00:00","og_image":[{"width":701,"height":1024,"url":"https:\/\/archivotomasmontero.org\/wp-content\/uploads\/2021\/03\/1-701x1024.png","type":"image\/png"}],"twitter_card":"summary_large_image","twitter_misc":{"Tiempo de lectura":"1 minuto"},"schema":{"@context":"https:\/\/schema.org","@graph":[{"@type":"WebPage","@id":"https:\/\/archivotomasmontero.org\/index.php\/stockphoto\/","url":"https:\/\/archivotomasmontero.org\/index.php\/stockphoto\/","name":"Baco de Im\u00e1genes - Archivo - Montero","isPartOf":{"@id":"https:\/\/archivotomasmontero.org\/#website"},"primaryImageOfPage":{"@id":"https:\/\/archivotomasmontero.org\/index.php\/stockphoto\/#primaryimage"},"image":{"@id":"https:\/\/archivotomasmontero.org\/index.php\/stockphoto\/#primaryimage"},"thumbnailUrl":"https:\/\/archivotomasmontero.org\/wp-content\/uploads\/2021\/03\/1.png","datePublished":"2020-11-28T08:47:31+00:00","dateModified":"2026-04-20T05:04:40+00:00","breadcrumb":{"@id":"https:\/\/archivotomasmontero.org\/index.php\/stockphoto\/#breadcrumb"},"inLanguage":"es","potentialAction":[{"@type":"ReadAction","target":["https:\/\/archivotomasmontero.org\/index.php\/stockphoto\/"]}]},{"@type":"ImageObject","inLanguage":"es","@id":"https:\/\/archivotomasmontero.org\/index.php\/stockphoto\/#primaryimage","url":"https:\/\/archivotomasmontero.org\/wp-content\/uploads\/2021\/03\/1.png","contentUrl":"https:\/\/archivotomasmontero.org\/wp-content\/uploads\/2021\/03\/1.png","width":2631,"height":3841,"caption":"Martha Orozco"},{"@type":"BreadcrumbList","@id":"https:\/\/archivotomasmontero.org\/index.php\/stockphoto\/#breadcrumb","itemListElement":[{"@type":"ListItem","position":1,"name":"Inicio","item":"https:\/\/archivotomasmontero.org\/"},{"@type":"ListItem","position":2,"name":"Baco de Im\u00e1genes"}]},{"@type":"WebSite","@id":"https:\/\/archivotomasmontero.org\/#website","url":"https:\/\/archivotomasmontero.org\/","name":"Archivo - Montero","description":"Archivo Tomas Montero Torres","potentialAction":[{"@type":"SearchAction","target":{"@type":"EntryPoint","urlTemplate":"https:\/\/archivotomasmontero.org\/?s={search_term_string}"},"query-input":{"@type":"PropertyValueSpecification","valueRequired":true,"valueName":"search_term_string"}}],"inLanguage":"es"}]}},"_links":{"self":[{"href":"https:\/\/archivotomasmontero.org\/index.php\/wp-json\/wp\/v2\/pages\/11274","targetHints":{"allow":["GET"]}}],"collection":[{"href":"https:\/\/archivotomasmontero.org\/index.php\/wp-json\/wp\/v2\/pages"}],"about":[{"href":"https:\/\/archivotomasmontero.org\/index.php\/wp-json\/wp\/v2\/types\/page"}],"author":[{"embeddable":true,"href":"https:\/\/archivotomasmontero.org\/index.php\/wp-json\/wp\/v2\/users\/1"}],"replies":[{"embeddable":true,"href":"https:\/\/archivotomasmontero.org\/index.php\/wp-json\/wp\/v2\/comments?post=11274"}],"version-history":[{"count":41,"href":"https:\/\/archivotomasmontero.org\/index.php\/wp-json\/wp\/v2\/pages\/11274\/revisions"}],"predecessor-version":[{"id":15608,"href":"https:\/\/archivotomasmontero.org\/index.php\/wp-json\/wp\/v2\/pages\/11274\/revisions\/15608"}],"wp:featuredmedia":[{"embeddable":true,"href":"https:\/\/archivotomasmontero.org\/index.php\/wp-json\/wp\/v2\/media\/12398"}],"wp:attachment":[{"href":"https:\/\/archivotomasmontero.org\/index.php\/wp-json\/wp\/v2\/media?parent=11274"}],"curies":[{"name":"wp","href":"https:\/\/api.w.org\/{rel}","templated":true}]}}