{"id":10697,"date":"2017-03-08T06:40:19","date_gmt":"2017-03-08T06:40:19","guid":{"rendered":"http:\/\/sceneone.imaginem.co\/?page_id=10692"},"modified":"2021-06-01T05:59:20","modified_gmt":"2021-06-01T05:59:20","slug":"home-photo-blog","status":"publish","type":"page","link":"https:\/\/archivotomasmontero.org\/","title":{"rendered":"Home Photo Blog"},"content":{"rendered":"\n<div id=\"heroimage\" class=\"heroimage-wrap textlocation-bottom intensity-default image-cover modular-column-parallax\" data-stellar-background-ratio=\"0.5\" style=\"background-image: url(https:\/\/archivotomasmontero.org\/wp-content\/uploads\/2021\/05\/banner_home.jpg);\"><div class=\"mouse-pointer-wrap\"><div class=\"bright hero-link-to-base\"><div class=\"mouse-pointer\"><div class=\"indication-animated indicate-bounce mouse-wheel\"><\/div><\/div><\/div><\/div><\/div>\n<div class=\"section-heading none section-align-left\" style=\"padding-top:10px;padding-bottom:10px;margin-bottom:5px;\"><h1 class=\"entry-title section-title\" style=\"color:#b8181b\">Historias<\/h1><\/div>\n<div class=\"gridblock-columns-wrap clearfix\"><div id=\"gridblock-container\" class=\"portfolio-gutter-spaced gridblock-four\"><div class=\"blog-grid-element animation-standby-portfolio animated fadeInUpSlow gridblock-element gridblock-col-1\"><div class=\"blog-grid-element-inner\"><a class=\"gridblock-image-link blog-grid-element-has-image gridblock-columns\" href=\"https:\/\/archivotomasmontero.org\/index.php\/2024\/08\/19\/siqueiros-en-la-mirada-de-tomas-montero\/\" rel=\"bookmark\" title=\"Siqueiros en la mirada de Tom\u00e1s Montero\"><span class=\"grid-icon-status\"><i class=\"ion-ios-compose-outline fa-2x\"><\/i><\/span><img decoding=\"async\" src=\"https:\/\/archivotomasmontero.org\/wp-content\/uploads\/2024\/08\/7698-307x448.jpg\" alt=\"\" class=\"preload-image displayed-image\"\/><\/a><div class=\"summary-info\"><div class=\"summary-date\"><i class=\"feather-icon-clock\"><\/i> 19th Ago 24<\/div><div class=\"summary-comment\"><a href=\"https:\/\/archivotomasmontero.org\/index.php\/2024\/08\/19\/siqueiros-en-la-mirada-de-tomas-montero\/#respond\">0 <i class=\"feather-icon-speech-bubble\"><\/i><\/a><\/div><\/div><div class=\"blog-grid-element-content\"><div class=\"work-details\"><h4><a href=\"https:\/\/archivotomasmontero.org\/index.php\/2024\/08\/19\/siqueiros-en-la-mirada-de-tomas-montero\/\" rel=\"bookmark\" title=\"Siqueiros en la mirada de Tom\u00e1s Montero\">Siqueiros en la mirada de Tom\u00e1s Montero<\/a><\/h4><div class=\"entry-content work-description\">Reci\u00e9n llegado a M\u00e9xico de su exilio en Cuba y en Chile, a finales...<\/div><\/div><div class=\"button-blog-continue\"><a href=\"https:\/\/archivotomasmontero.org\/index.php\/2024\/08\/19\/siqueiros-en-la-mirada-de-tomas-montero\/\">Leer m\u00e1s<\/a><\/div><\/div><\/div><\/div><div class=\"blog-grid-element animation-standby-portfolio animated fadeInUpSlow gridblock-element gridblock-col-2\"><div class=\"blog-grid-element-inner\"><a class=\"gridblock-image-link blog-grid-element-has-image gridblock-columns\" href=\"https:\/\/archivotomasmontero.org\/index.php\/2024\/04\/19\/juan-cruz-reyes-un-escultor-de-obras-monumentales\/\" rel=\"bookmark\" title=\"Juan Cruz Reyes: un escultor de obras monumentales\"><span class=\"grid-icon-status\"><i class=\"ion-ios-compose-outline fa-2x\"><\/i><\/span><img decoding=\"async\" src=\"https:\/\/archivotomasmontero.org\/wp-content\/uploads\/2024\/04\/JC-1-610x404.jpg\" alt=\"\" class=\"preload-image displayed-image\"\/><\/a><div class=\"summary-info\"><div class=\"summary-date\"><i class=\"feather-icon-clock\"><\/i> 19th Abr 24<\/div><div class=\"summary-comment\"><a href=\"https:\/\/archivotomasmontero.org\/index.php\/2024\/04\/19\/juan-cruz-reyes-un-escultor-de-obras-monumentales\/#respond\">0 <i class=\"feather-icon-speech-bubble\"><\/i><\/a><\/div><\/div><div class=\"blog-grid-element-content\"><div class=\"work-details\"><h4><a href=\"https:\/\/archivotomasmontero.org\/index.php\/2024\/04\/19\/juan-cruz-reyes-un-escultor-de-obras-monumentales\/\" rel=\"bookmark\" title=\"Juan Cruz Reyes: un escultor de obras monumentales\">Juan Cruz Reyes: un escultor de obras monumentales<\/a><\/h4><div class=\"entry-content work-description\">Corre el a\u00f1o de 1990, se presenta en el Museo del Palacio de Bellas...<\/div><\/div><div class=\"button-blog-continue\"><a href=\"https:\/\/archivotomasmontero.org\/index.php\/2024\/04\/19\/juan-cruz-reyes-un-escultor-de-obras-monumentales\/\">Leer m\u00e1s<\/a><\/div><\/div><\/div><\/div><div class=\"blog-grid-element animation-standby-portfolio animated fadeInUpSlow gridblock-element gridblock-col-3\"><div class=\"blog-grid-element-inner\"><a class=\"gridblock-image-link blog-grid-element-has-image gridblock-columns\" href=\"https:\/\/archivotomasmontero.org\/index.php\/2024\/01\/24\/cuando-el-viaje-era-la-musica\/\" rel=\"bookmark\" title=\"Cuando el viaje era la m\u00fasica\"><span class=\"grid-icon-status\"><i class=\"ion-ios-compose-outline fa-2x\"><\/i><\/span><img decoding=\"async\" src=\"https:\/\/archivotomasmontero.org\/wp-content\/uploads\/2024\/01\/Puent-610x400.jpg\" alt=\"\" class=\"preload-image displayed-image\"\/><\/a><div class=\"summary-info\"><div class=\"summary-date\"><i class=\"feather-icon-clock\"><\/i> 24th Ene 24<\/div><div class=\"summary-comment\"><a href=\"https:\/\/archivotomasmontero.org\/index.php\/2024\/01\/24\/cuando-el-viaje-era-la-musica\/#respond\">0 <i class=\"feather-icon-speech-bubble\"><\/i><\/a><\/div><\/div><div class=\"blog-grid-element-content\"><div class=\"work-details\"><h4><a href=\"https:\/\/archivotomasmontero.org\/index.php\/2024\/01\/24\/cuando-el-viaje-era-la-musica\/\" rel=\"bookmark\" title=\"Cuando el viaje era la m\u00fasica\">Cuando el viaje era la m\u00fasica<\/a><\/h4><div class=\"entry-content work-description\">Eran otros tiempos. Las distancias dentro de la ciudad no eran tan impenetrables. Llegar...<\/div><\/div><div class=\"button-blog-continue\"><a href=\"https:\/\/archivotomasmontero.org\/index.php\/2024\/01\/24\/cuando-el-viaje-era-la-musica\/\">Leer m\u00e1s<\/a><\/div><\/div><\/div><\/div><div class=\"blog-grid-element animation-standby-portfolio animated fadeInUpSlow gridblock-element gridblock-col-4\"><div class=\"blog-grid-element-inner\"><a class=\"gridblock-image-link blog-grid-element-has-image gridblock-columns\" href=\"https:\/\/archivotomasmontero.org\/index.php\/2022\/07\/07\/70-anos-de-la-masacre-de-henriquistas-en-la-alameda\/\" rel=\"bookmark\" title=\"70 a\u00f1os de la masacre de henriquistas en la Alameda\"><span class=\"grid-icon-status\"><i class=\"ion-ios-compose-outline fa-2x\"><\/i><\/span><img decoding=\"async\" src=\"https:\/\/archivotomasmontero.org\/wp-content\/uploads\/2022\/07\/image2-610x386.jpg\" alt=\"\" class=\"preload-image displayed-image\"\/><\/a><div class=\"summary-info\"><div class=\"summary-date\"><i class=\"feather-icon-clock\"><\/i> 7th Jul 22<\/div><div class=\"summary-comment\"><a href=\"https:\/\/archivotomasmontero.org\/index.php\/2022\/07\/07\/70-anos-de-la-masacre-de-henriquistas-en-la-alameda\/#comments\">2 <i class=\"feather-icon-speech-bubble\"><\/i><\/a><\/div><\/div><div class=\"blog-grid-element-content\"><div class=\"work-details\"><h4><a href=\"https:\/\/archivotomasmontero.org\/index.php\/2022\/07\/07\/70-anos-de-la-masacre-de-henriquistas-en-la-alameda\/\" rel=\"bookmark\" title=\"70 a\u00f1os de la masacre de henriquistas en la Alameda\">70 a\u00f1os de la masacre de henriquistas en la Alameda<\/a><\/h4><div class=\"entry-content work-description\">El Gral. Manuel Henr\u00edquez Guzm\u00e1n consigui\u00f3 el apoyo de las clases humildes, por eso...<\/div><\/div><div class=\"button-blog-continue\"><a href=\"https:\/\/archivotomasmontero.org\/index.php\/2022\/07\/07\/70-anos-de-la-masacre-de-henriquistas-en-la-alameda\/\">Leer m\u00e1s<\/a><\/div><\/div><\/div><\/div><\/div><\/div>\n<div class=\"section-heading none section-align-left\" style=\"padding-top:10px;padding-bottom:10px;margin-bottom:5px;\"><h1 class=\"entry-title section-title\" style=\"color:#b8181b\">Para apoyar<\/h1><\/div>\n<div class=\"service-column service-item \"><img decoding=\"async\" class=\"service-image\" src=\"https:\/\/archivotomasmontero.org\/wp-content\/uploads\/2021\/05\/bannerTomasMontero-e1620643962796.jpg\" alt=\"info-image\" \/><div class=\"service-content\"><h4>Impresiones<\/h4><div class=\"service-details\"><p> Si alguna persona o instituci\u00f3n est\u00e1 interesada en la impresi\u00f3n de alguna imagen, es factible. Se cotiza con base en las medidas requeridas y la t\u00e9cnica de impresi\u00f3n que se elija. <\/p>\n<\/div><\/div><\/div>\n<div class=\"button-shortcode button-shortcode-69fb289a19bb0\" style=\"text-align:right;\"><a href=\"https:\/\/archivotomasmontero.org\/index.php\/servicios\/impresiones\/\" _self><div style=\"border-color: #dd3333; color: #dd3333;\" data-backgroundafter=\"#dd3333\" data-buttonid=\"69fb289a19bb0\"  class=\"mtheme-button button-has-a-color\">Ver m\u00e1s<\/div><\/a><\/div>\n<div class=\"service-column service-item \"><img decoding=\"async\" class=\"service-image\" src=\"https:\/\/archivotomasmontero.org\/wp-content\/uploads\/2021\/05\/pin3.jpg\" alt=\"info-image\" \/><div class=\"service-content\"><h4>Botones<\/h4><div class=\"service-details\"><p> Contamos con una selecci\u00f3n de im\u00e1genes en botones. Tambi\u00e9n es posible elaborar una edici\u00f3n especial. <\/p>\n<\/div><\/div><\/div>\n<div class=\"button-shortcode button-shortcode-69fb289a19bd6\" style=\"text-align:right;\"><a href=\"https:\/\/archivotomasmontero.org\/index.php\/botones\/\" _self><div style=\"border-color: #dd3333; color: #dd3333;\" data-backgroundafter=\"#dd3333\" data-buttonid=\"69fb289a19bd6\"  class=\"mtheme-button button-has-a-color\">Ver m\u00e1s<\/div><\/a><\/div>\n<div class=\"service-column service-item \"><img decoding=\"async\" class=\"service-image\" src=\"https:\/\/archivotomasmontero.org\/wp-content\/uploads\/2021\/05\/libreta00.jpg\" alt=\"info-image\" \/><div class=\"service-content\"><h4>Libretas<\/h4><div class=\"service-details\"><p> Piezas \u00fanicas elaboradas a mano. \u00a1Puedes elegir la fotograf\u00eda! <\/p>\n<\/div><\/div><\/div>\n<div class=\"button-shortcode button-shortcode-69fb289a19bf4\" style=\"text-align:right;\"><a href=\"https:\/\/archivotomasmontero.org\/index.php\/servicios\/libretas\/\" _self><div style=\"border-color: #dd3333; color: #dd3333;\" data-backgroundafter=\"#dd3333\" data-buttonid=\"69fb289a19bf4\"  class=\"mtheme-button button-has-a-color\">Ver m\u00e1s<\/div><\/a><\/div>\n<div class=\"clearfix divider-common default-divider  divider-blank\" style=\"padding-top:100px;\"><\/div>\n","protected":false},"excerpt":{"rendered":"","protected":false},"author":1,"featured_media":0,"parent":0,"menu_order":0,"comment_status":"closed","ping_status":"closed","template":"","meta":{"footnotes":""},"class_list":["post-10697","page","type-page","status-publish","hentry"],"yoast_head":"<!-- This site is optimized with the Yoast SEO plugin v27.4 - https:\/\/yoast.com\/product\/yoast-seo-wordpress\/ -->\n<title>Home Photo Blog - Archivo - Montero<\/title>\n<meta name=\"robots\" content=\"index, follow, max-snippet:-1, max-image-preview:large, max-video-preview:-1\" \/>\n<link rel=\"canonical\" href=\"https:\/\/archivotomasmontero.org\/\" \/>\n<meta property=\"og:locale\" content=\"es_MX\" \/>\n<meta property=\"og:type\" content=\"article\" \/>\n<meta property=\"og:title\" content=\"Home Photo Blog - Archivo - Montero\" \/>\n<meta property=\"og:url\" content=\"https:\/\/archivotomasmontero.org\/\" \/>\n<meta property=\"og:site_name\" content=\"Archivo - Montero\" \/>\n<meta property=\"article:modified_time\" content=\"2021-06-01T05:59:20+00:00\" \/>\n<meta name=\"twitter:card\" content=\"summary_large_image\" \/>\n<meta name=\"twitter:label1\" content=\"Tiempo de lectura\" \/>\n\t<meta name=\"twitter:data1\" content=\"2 minutos\" \/>\n<script type=\"application\/ld+json\" class=\"yoast-schema-graph\">{\"@context\":\"https:\\\/\\\/schema.org\",\"@graph\":[{\"@type\":\"WebPage\",\"@id\":\"https:\\\/\\\/archivotomasmontero.org\\\/\",\"url\":\"https:\\\/\\\/archivotomasmontero.org\\\/\",\"name\":\"Home Photo Blog - Archivo - Montero\",\"isPartOf\":{\"@id\":\"https:\\\/\\\/archivotomasmontero.org\\\/#website\"},\"datePublished\":\"2017-03-08T06:40:19+00:00\",\"dateModified\":\"2021-06-01T05:59:20+00:00\",\"breadcrumb\":{\"@id\":\"https:\\\/\\\/archivotomasmontero.org\\\/#breadcrumb\"},\"inLanguage\":\"es\",\"potentialAction\":[{\"@type\":\"ReadAction\",\"target\":[\"https:\\\/\\\/archivotomasmontero.org\\\/\"]}]},{\"@type\":\"BreadcrumbList\",\"@id\":\"https:\\\/\\\/archivotomasmontero.org\\\/#breadcrumb\",\"itemListElement\":[{\"@type\":\"ListItem\",\"position\":1,\"name\":\"Inicio\",\"item\":\"https:\\\/\\\/archivotomasmontero.org\\\/\"},{\"@type\":\"ListItem\",\"position\":2,\"name\":\"Home Photo Blog\"}]},{\"@type\":\"WebSite\",\"@id\":\"https:\\\/\\\/archivotomasmontero.org\\\/#website\",\"url\":\"https:\\\/\\\/archivotomasmontero.org\\\/\",\"name\":\"Archivo - Montero\",\"description\":\"Archivo Tomas Montero Torres\",\"potentialAction\":[{\"@type\":\"SearchAction\",\"target\":{\"@type\":\"EntryPoint\",\"urlTemplate\":\"https:\\\/\\\/archivotomasmontero.org\\\/?s={search_term_string}\"},\"query-input\":{\"@type\":\"PropertyValueSpecification\",\"valueRequired\":true,\"valueName\":\"search_term_string\"}}],\"inLanguage\":\"es\"}]}<\/script>\n<!-- \/ Yoast SEO plugin. -->","yoast_head_json":{"title":"Home Photo Blog - Archivo - Montero","robots":{"index":"index","follow":"follow","max-snippet":"max-snippet:-1","max-image-preview":"max-image-preview:large","max-video-preview":"max-video-preview:-1"},"canonical":"https:\/\/archivotomasmontero.org\/","og_locale":"es_MX","og_type":"article","og_title":"Home Photo Blog - Archivo - Montero","og_url":"https:\/\/archivotomasmontero.org\/","og_site_name":"Archivo - Montero","article_modified_time":"2021-06-01T05:59:20+00:00","twitter_card":"summary_large_image","twitter_misc":{"Tiempo de lectura":"2 minutos"},"schema":{"@context":"https:\/\/schema.org","@graph":[{"@type":"WebPage","@id":"https:\/\/archivotomasmontero.org\/","url":"https:\/\/archivotomasmontero.org\/","name":"Home Photo Blog - Archivo - Montero","isPartOf":{"@id":"https:\/\/archivotomasmontero.org\/#website"},"datePublished":"2017-03-08T06:40:19+00:00","dateModified":"2021-06-01T05:59:20+00:00","breadcrumb":{"@id":"https:\/\/archivotomasmontero.org\/#breadcrumb"},"inLanguage":"es","potentialAction":[{"@type":"ReadAction","target":["https:\/\/archivotomasmontero.org\/"]}]},{"@type":"BreadcrumbList","@id":"https:\/\/archivotomasmontero.org\/#breadcrumb","itemListElement":[{"@type":"ListItem","position":1,"name":"Inicio","item":"https:\/\/archivotomasmontero.org\/"},{"@type":"ListItem","position":2,"name":"Home Photo Blog"}]},{"@type":"WebSite","@id":"https:\/\/archivotomasmontero.org\/#website","url":"https:\/\/archivotomasmontero.org\/","name":"Archivo - Montero","description":"Archivo Tomas Montero Torres","potentialAction":[{"@type":"SearchAction","target":{"@type":"EntryPoint","urlTemplate":"https:\/\/archivotomasmontero.org\/?s={search_term_string}"},"query-input":{"@type":"PropertyValueSpecification","valueRequired":true,"valueName":"search_term_string"}}],"inLanguage":"es"}]}},"_links":{"self":[{"href":"https:\/\/archivotomasmontero.org\/index.php\/wp-json\/wp\/v2\/pages\/10697","targetHints":{"allow":["GET"]}}],"collection":[{"href":"https:\/\/archivotomasmontero.org\/index.php\/wp-json\/wp\/v2\/pages"}],"about":[{"href":"https:\/\/archivotomasmontero.org\/index.php\/wp-json\/wp\/v2\/types\/page"}],"author":[{"embeddable":true,"href":"https:\/\/archivotomasmontero.org\/index.php\/wp-json\/wp\/v2\/users\/1"}],"replies":[{"embeddable":true,"href":"https:\/\/archivotomasmontero.org\/index.php\/wp-json\/wp\/v2\/comments?post=10697"}],"version-history":[{"count":3,"href":"https:\/\/archivotomasmontero.org\/index.php\/wp-json\/wp\/v2\/pages\/10697\/revisions"}],"predecessor-version":[{"id":15084,"href":"https:\/\/archivotomasmontero.org\/index.php\/wp-json\/wp\/v2\/pages\/10697\/revisions\/15084"}],"wp:attachment":[{"href":"https:\/\/archivotomasmontero.org\/index.php\/wp-json\/wp\/v2\/media?parent=10697"}],"curies":[{"name":"wp","href":"https:\/\/api.w.org\/{rel}","templated":true}]}}